{"id":4364,"date":"2026-05-12T12:46:21","date_gmt":"2026-05-12T10:46:21","guid":{"rendered":"https:\/\/peakx.at\/?page_id=4364"},"modified":"2026-05-12T13:12:58","modified_gmt":"2026-05-12T11:12:58","slug":"partner","status":"publish","type":"page","link":"https:\/\/peakx.at\/fr\/partner\/","title":{"rendered":"Partenaire"},"content":{"rendered":"<div data-elementor-type=\"wp-page\" data-elementor-id=\"4364\" class=\"elementor elementor-4364\" data-elementor-post-type=\"page\">\n\t\t\t\t<div class=\"elementor-element elementor-element-ce2e78c e-flex e-con-boxed e-con e-parent\" data-id=\"ce2e78c\" data-element_type=\"container\" data-e-type=\"container\" data-settings=\"{&quot;background_background&quot;:&quot;classic&quot;}\">\n\t\t\t\t\t<div class=\"e-con-inner\">\n\t\t<div class=\"elementor-element elementor-element-755060c e-con-full peakx-glass e-flex e-con e-child\" data-id=\"755060c\" data-element_type=\"container\" data-e-type=\"container\" data-settings=\"{&quot;background_background&quot;:&quot;classic&quot;}\">\n\t\t<div class=\"elementor-element elementor-element-f915d48 e-con-full e-flex e-con e-child\" data-id=\"f915d48\" data-element_type=\"container\" data-e-type=\"container\">\n\t\t\t\t<\/div>\n\t\t\t\t<\/div>\n\t\t\t\t\t<\/div>\n\t\t\t\t<\/div>\n\t\t<div class=\"elementor-element elementor-element-652986e e-flex e-con-boxed e-con e-parent\" data-id=\"652986e\" data-element_type=\"container\" data-e-type=\"container\">\n\t\t\t\t\t<div class=\"e-con-inner\">\n\t\t\t\t<div class=\"elementor-element elementor-element-a172c6e elementor-widget__width-auto elementor-widget elementor-widget-shortcode\" data-id=\"a172c6e\" data-element_type=\"widget\" data-e-type=\"widget\" data-widget_type=\"shortcode.default\">\n\t\t\t\t<div class=\"elementor-widget-container\">\n\t\t\t\t\t\t\t<div class=\"elementor-shortcode\"><div class=\"aioseo-breadcrumbs\"><span class=\"aioseo-breadcrumb\">\n\t\t\t<a href=\"https:\/\/peakx.at\/fr\" title=\"Accueil\">Accueil<\/a>\n\t\t<\/span><span class=\"aioseo-breadcrumb-separator\">\u00bb<\/span><span class=\"aioseo-breadcrumb\">\n\t\t\tPartenaire\n\t\t<\/span><\/div><\/div>\n\t\t\t\t\t\t<\/div>\n\t\t\t\t<\/div>\n\t\t\t\t\t<\/div>\n\t\t\t\t<\/div>\n\t\t<div class=\"elementor-element elementor-element-5c33853 e-flex e-con-boxed e-con e-parent\" data-id=\"5c33853\" data-element_type=\"container\" data-e-type=\"container\">\n\t\t\t\t\t<div class=\"e-con-inner\">\n\t\t\t\t<div class=\"elementor-element elementor-element-b15fb99 elementor-widget elementor-widget-text-editor\" data-id=\"b15fb99\" data-element_type=\"widget\" data-e-type=\"widget\" data-widget_type=\"text-editor.default\">\n\t\t\t\t<div class=\"elementor-widget-container\">\n\t\t\t\t\t\t\t\t\t<h3>De solides partenariats pour le succ\u00e8s<\/h3><p>Surtout en montagne, il faut pouvoir compter sur ses partenaires. Comme dans cord\u00e9e, aucun compromis n'est possible. PEAKX est fier de maintenir une collaboration de confiance avec ses partenaires.<\/p><p><strong>Voulez-vous devenir partenaire de PEAKX\u00a0? Envoyez-moi un courriel \u00e0 <a href=\"mailto:alex@peakx.at\"><span style=\"text-decoration: underline;\">alex@peakx.at<\/span><\/a>.<\/strong><\/p>\t\t\t\t\t\t\t\t<\/div>\n\t\t\t\t<\/div>\n\t\t\t\t\t<\/div>\n\t\t\t\t<\/div>\n\t\t<div class=\"elementor-element elementor-element-e2dd409 e-grid e-con-boxed e-con e-parent\" data-id=\"e2dd409\" data-element_type=\"container\" data-e-type=\"container\">\n\t\t\t\t\t<div class=\"e-con-inner\">\n\t\t\t\t<div class=\"elementor-element elementor-element-14f639f elementor-widget elementor-widget-image\" data-id=\"14f639f\" data-element_type=\"widget\" data-e-type=\"widget\" data-widget_type=\"image.default\">\n\t\t\t\t<div class=\"elementor-widget-container\">\n\t\t\t\t\t\t\t\t\t\t\t\t\t\t\t\t<a href=\"https:\/\/www.salomon.com\/de-de\" target=\"_blank\">\n\t\t\t\t\t\t\t<img loading=\"lazy\" decoding=\"async\" width=\"300\" height=\"44\" src=\"https:\/\/peakx.at\/wp-content\/uploads\/2025\/07\/salomon-logo-black-new.png\" class=\"attachment-full size-full wp-image-2518\" alt=\"\" \/>\t\t\t\t\t\t\t\t<\/a>\n\t\t\t\t\t\t\t\t\t\t\t\t\t\t\t<\/div>\n\t\t\t\t<\/div>\n\t\t\t\t<div class=\"elementor-element elementor-element-115c7fa elementor-widget elementor-widget-text-editor\" data-id=\"115c7fa\" data-element_type=\"widget\" data-e-type=\"widget\" data-widget_type=\"text-editor.default\">\n\t\t\t\t<div class=\"elementor-widget-container\">\n\t\t\t\t\t\t\t\t\t<h3>SALOMON : L'innovation au c\u0153ur des Alpes<\/h3><p>Depuis sa cr\u00e9ation en 1947 \u00e0 Annecy, <a href=\"https:\/\/www.salomon.com\/de-de\" target=\"_blank\" rel=\"noopener\"><span style=\"text-decoration: underline;\">Salomon<\/span><\/a> Pour la connexion parfaite entre tradition et r\u00e9volution technique. Ce qui a commenc\u00e9 comme un petit atelier est aujourd'hui le moteur mondial de la performance en ext\u00e9rieur.<\/p><p>Au Salomon Annecy Design Center, nous d\u00e9veloppons du mat\u00e9riel qui am\u00e9liore durablement la pratique sportive et l'exp\u00e9rience en montagne. Notre partenaire partage les valeurs fondamentales qui animent \u00e9galement PEAKX : imagination, engagement et simplicit\u00e9.<\/p><p>Notre objectif commun : tirer le meilleur de chacun gr\u00e2ce \u00e0 un \u00e9quipement de premi\u00e8re qualit\u00e9 et \u00e0 la puissance des sports de montagne. Avec Salomon \u00e0 vos c\u00f4t\u00e9s, plus d'excuses \u2013 juste le prochain sommet.<\/p>\t\t\t\t\t\t\t\t<\/div>\n\t\t\t\t<\/div>\n\t\t\t\t<div class=\"elementor-element elementor-element-ec531e6 elementor-widget elementor-widget-image\" data-id=\"ec531e6\" data-element_type=\"widget\" data-e-type=\"widget\" data-widget_type=\"image.default\">\n\t\t\t\t<div class=\"elementor-widget-container\">\n\t\t\t\t\t\t\t\t\t\t\t\t\t\t\t\t<a href=\"https:\/\/www.intersport-arlberg.com\/de\/\" target=\"_blank\">\n\t\t\t\t\t\t\t<img loading=\"lazy\" decoding=\"async\" width=\"380\" height=\"133\" src=\"https:\/\/peakx.at\/wp-content\/uploads\/2026\/05\/intersport-arlberg-logo.png\" class=\"attachment-full size-full wp-image-4385\" alt=\"\" srcset=\"https:\/\/peakx.at\/wp-content\/uploads\/2026\/05\/intersport-arlberg-logo.png 380w, https:\/\/peakx.at\/wp-content\/uploads\/2026\/05\/intersport-arlberg-logo-300x105.png 300w, https:\/\/peakx.at\/wp-content\/uploads\/2026\/05\/intersport-arlberg-logo-18x6.png 18w\" sizes=\"auto, (max-width: 380px) 100vw, 380px\" \/>\t\t\t\t\t\t\t\t<\/a>\n\t\t\t\t\t\t\t\t\t\t\t\t\t\t\t<\/div>\n\t\t\t\t<\/div>\n\t\t\t\t<div class=\"elementor-element elementor-element-82a4051 elementor-widget elementor-widget-text-editor\" data-id=\"82a4051\" data-element_type=\"widget\" data-e-type=\"widget\" data-widget_type=\"text-editor.default\">\n\t\t\t\t<div class=\"elementor-widget-container\">\n\t\t\t\t\t\t\t\t\t<h3>Intersport Arlberg : Votre h\u00e9ros local pour du mat\u00e9riel haut de gamme<\/h3><p>Avec plus de 80 ans d'exp\u00e9rience et 10 points de vente directement sur l'Arlberg, Intersport Arlberg est notre ancre solide pour un service de premier ordre. Des skis de freeride et de randonn\u00e9e haut de gamme \u00e0 l'\u00e9quipement d'avalanche moderne \u2013 vous trouverez ici du mat\u00e9riel de niveau professionnel.<\/p><p>Octobre <a href=\"https:\/\/www.intersport-arlberg.com\/de\/winter\/\" target=\"_blank\" rel=\"noopener\"><span style=\"text-decoration: underline;\">Location de ski \u00e0 Arlberg<\/span><\/a>, d\u00e9p\u00f4t ou service express : Intersport Arlberg combine expertise locale et technologie de pointe. Un partenaire sur lequel vous pouvez compter pour que vous n'ayez pas \u00e0 faire de compromis sur la montagne. \u00c9quipement de premi\u00e8re qualit\u00e9 pour une performance maximale.<\/p>\t\t\t\t\t\t\t\t<\/div>\n\t\t\t\t<\/div>\n\t\t\t\t<div class=\"elementor-element elementor-element-af35991 elementor-widget elementor-widget-image\" data-id=\"af35991\" data-element_type=\"widget\" data-e-type=\"widget\" data-widget_type=\"image.default\">\n\t\t\t\t<div class=\"elementor-widget-container\">\n\t\t\t\t\t\t\t\t\t\t\t\t\t\t\t\t<a href=\"https:\/\/sonnblick-pitztal.net\/\" target=\"_blank\">\n\t\t\t\t\t\t\t<img loading=\"lazy\" decoding=\"async\" width=\"678\" height=\"384\" src=\"https:\/\/peakx.at\/wp-content\/uploads\/2026\/05\/Logo-ohne-Rahmen-rechteckig_ohne-Konturen_ohne-Text_2.png\" class=\"attachment-full size-full wp-image-4373\" alt=\"Logo Hotel Sonnblick im Pitztal\" srcset=\"https:\/\/peakx.at\/wp-content\/uploads\/2026\/05\/Logo-ohne-Rahmen-rechteckig_ohne-Konturen_ohne-Text_2.png 678w, https:\/\/peakx.at\/wp-content\/uploads\/2026\/05\/Logo-ohne-Rahmen-rechteckig_ohne-Konturen_ohne-Text_2-300x170.png 300w, https:\/\/peakx.at\/wp-content\/uploads\/2026\/05\/Logo-ohne-Rahmen-rechteckig_ohne-Konturen_ohne-Text_2-18x10.png 18w\" sizes=\"auto, (max-width: 678px) 100vw, 678px\" \/>\t\t\t\t\t\t\t\t<\/a>\n\t\t\t\t\t\t\t\t\t\t\t\t\t\t\t<\/div>\n\t\t\t\t<\/div>\n\t\t\t\t<div class=\"elementor-element elementor-element-5737bc5 elementor-widget elementor-widget-text-editor\" data-id=\"5737bc5\" data-element_type=\"widget\" data-e-type=\"widget\" data-widget_type=\"text-editor.default\">\n\t\t\t\t<div class=\"elementor-widget-container\">\n\t\t\t\t\t\t\t\t\t<h3>GenussHotel Sonnblick : Votre camp de base au toit du Tyrol<\/h3><p>Situ\u00e9 \u00e0 1 616 m d'altitude, directement \u00e0 St. Leonhard im Pitztal, le GenussHotel Sonnblick est notre partenaire pour une retraite exclusive et une r\u00e9g\u00e9n\u00e9ration alpine. Ici, l'hospitalit\u00e9 tyrolienne traditionnelle rencontre le confort moderne et la durabilit\u00e9 v\u00e9cue.<\/p><p>\u00c0 seulement cinq minutes du glacier de Pitztal, le <a title=\"H\u00f4tel Sonnblick dans le Pitztal\" href=\"https:\/\/sonnblick-pitztal.net\/\" target=\"_blank\" rel=\"noopener\"><span style=\"text-decoration: underline;\">H\u00f4tel dans le Pitztal<\/span><\/a> l'\u00e9quilibre parfait pour nos exp\u00e9riences :<\/p><ul><li><strong>Emplacement de choix :<\/strong> Point de d\u00e9part id\u00e9al pour des aventures de haute montagne.<\/li><li><strong>V\u00e9ritable plaisir :<\/strong> Cuisine r\u00e9gionale et d\u00e9tente dans un espace bien-\u00eatre alpin.<\/li><li><strong>Responsabilit\u00e9<\/strong> Certifi\u00e9 par le label \u00e9cologique autrichien.<\/li><\/ul><p>Loin de l'agitation, le Sonnblick est plus qu'un simple h\u00f4tel \u2013 c'est l'endroit o\u00f9 vous retrouverez le calme apr\u00e8s une journ\u00e9e \u00e0 la limite et o\u00f9 vous ferez le plein de nouvelles forces pour le prochain sommet.<\/p>\t\t\t\t\t\t\t\t<\/div>\n\t\t\t\t<\/div>\n\t\t\t\t<div class=\"elementor-element elementor-element-e0c31f7 elementor-widget elementor-widget-image\" data-id=\"e0c31f7\" data-element_type=\"widget\" data-e-type=\"widget\" data-widget_type=\"image.default\">\n\t\t\t\t<div class=\"elementor-widget-container\">\n\t\t\t\t\t\t\t\t\t\t\t\t\t\t\t\t<a href=\"https:\/\/arcteryx.com\/at\/de\/\" target=\"_blank\">\n\t\t\t\t\t\t\t<img loading=\"lazy\" decoding=\"async\" width=\"400\" height=\"400\" src=\"https:\/\/peakx.at\/wp-content\/uploads\/2026\/05\/arcteryx-logo.webp\" class=\"attachment-full size-full wp-image-4381\" alt=\"Arcteryx Logo\" srcset=\"https:\/\/peakx.at\/wp-content\/uploads\/2026\/05\/arcteryx-logo.webp 400w, https:\/\/peakx.at\/wp-content\/uploads\/2026\/05\/arcteryx-logo-300x300.webp 300w, https:\/\/peakx.at\/wp-content\/uploads\/2026\/05\/arcteryx-logo-150x150.webp 150w, https:\/\/peakx.at\/wp-content\/uploads\/2026\/05\/arcteryx-logo-12x12.webp 12w\" sizes=\"auto, (max-width: 400px) 100vw, 400px\" \/>\t\t\t\t\t\t\t\t<\/a>\n\t\t\t\t\t\t\t\t\t\t\t\t\t\t\t<\/div>\n\t\t\t\t<\/div>\n\t\t\t\t<div class=\"elementor-element elementor-element-5a7ce98 elementor-widget elementor-widget-text-editor\" data-id=\"5a7ce98\" data-element_type=\"widget\" data-e-type=\"widget\" data-widget_type=\"text-editor.default\">\n\t\t\t\t<div class=\"elementor-widget-container\">\n\t\t\t\t\t\t\t\t\t<h3>Arc'teryx : La pr\u00e9cision des Coast Mountains<\/h3><p>N\u00e9 dans la nature sauvage du Canada, Arc'teryx est synonyme de performance sans compromis et de design minimaliste. En tant que partenaire pour nos exp\u00e9riences les plus exigeantes, la marque propose des \u00e9quipements techniques qui s\u00e9duisent par leur innovation radicale et leur pr\u00e9cision artisanale ultime.<\/p><p>Votre attention port\u00e9e \u00e0 la long\u00e9vit\u00e9 et \u00e0 la fonctionnalit\u00e9 dans les conditions les plus extr\u00eames fait que <a href=\"https:\/\/arcteryx.com\/at\/de\/\" target=\"_blank\" rel=\"noopener\"><span style=\"text-decoration: underline;\">Arc'teryx<\/span><\/a> le premier choix pour tous ceux qui doivent compter aveugl\u00e9ment sur leur \u00e9quipement chez PEAKX. Un design qui reste. Une protection qui dure.<\/p>\t\t\t\t\t\t\t\t<\/div>\n\t\t\t\t<\/div>\n\t\t\t\t\t<\/div>\n\t\t\t\t<\/div>\n\t\t\t\t<\/div>","protected":false},"excerpt":{"rendered":"<p>Starke Partnerschaften f\u00fcr den Erfolg Besonders am Berg muss man sich auf seine Partner verlassen k\u00f6nnen. Wie in einer Seilschaft z\u00e4hlen hier keine Kompromisse. PEAKX ist stolz darauf, eine vertrauensvolle Zusammenarbeit mit seinen Partner zu pflegen. M\u00f6chtest du auch Partner von PEAKX werden? Schreib mir eine E-Mail an alex@peakx.at. SALOMON: Innovation aus dem Herzen der [&hellip;]<\/p>\n","protected":false},"author":1,"featured_media":3804,"parent":0,"menu_order":0,"comment_status":"closed","ping_status":"closed","template":"elementor_header_footer","meta":{"_acf_changed":false,"footnotes":""},"class_list":["post-4364","page","type-page","status-publish","has-post-thumbnail","hentry"],"acf":[],"aioseo_notices":[],"_links":{"self":[{"href":"https:\/\/peakx.at\/fr\/wp-json\/wp\/v2\/pages\/4364","targetHints":{"allow":["GET"]}}],"collection":[{"href":"https:\/\/peakx.at\/fr\/wp-json\/wp\/v2\/pages"}],"about":[{"href":"https:\/\/peakx.at\/fr\/wp-json\/wp\/v2\/types\/page"}],"author":[{"embeddable":true,"href":"https:\/\/peakx.at\/fr\/wp-json\/wp\/v2\/users\/1"}],"replies":[{"embeddable":true,"href":"https:\/\/peakx.at\/fr\/wp-json\/wp\/v2\/comments?post=4364"}],"version-history":[{"count":19,"href":"https:\/\/peakx.at\/fr\/wp-json\/wp\/v2\/pages\/4364\/revisions"}],"predecessor-version":[{"id":4388,"href":"https:\/\/peakx.at\/fr\/wp-json\/wp\/v2\/pages\/4364\/revisions\/4388"}],"wp:featuredmedia":[{"embeddable":true,"href":"https:\/\/peakx.at\/fr\/wp-json\/wp\/v2\/media\/3804"}],"wp:attachment":[{"href":"https:\/\/peakx.at\/fr\/wp-json\/wp\/v2\/media?parent=4364"}],"curies":[{"name":"wp","href":"https:\/\/api.w.org\/{rel}","templated":true}]}}