{"id":3027,"date":"2025-10-17T11:32:49","date_gmt":"2025-10-17T09:32:49","guid":{"rendered":"https:\/\/peakx.at\/?page_id=3027"},"modified":"2025-10-17T11:50:22","modified_gmt":"2025-10-17T09:50:22","slug":"peakx-consulting","status":"publish","type":"page","link":"https:\/\/peakx.at\/fr\/peakx-consulting\/","title":{"rendered":"PEAKX consulting"},"content":{"rendered":"<div data-elementor-type=\"wp-page\" data-elementor-id=\"3027\" class=\"elementor elementor-3027\" data-elementor-post-type=\"page\">\n\t\t\t\t<div class=\"elementor-element elementor-element-9d9d2a3 e-flex e-con-boxed e-con e-parent\" data-id=\"9d9d2a3\" data-element_type=\"container\" data-e-type=\"container\" data-settings=\"{&quot;background_background&quot;:&quot;classic&quot;}\">\n\t\t\t\t\t<div class=\"e-con-inner\">\n\t\t<div class=\"elementor-element elementor-element-72628e6 e-con-full e-flex e-con e-child\" data-id=\"72628e6\" data-element_type=\"container\" data-e-type=\"container\" data-settings=\"{&quot;background_background&quot;:&quot;classic&quot;}\">\n\t\t<div class=\"elementor-element elementor-element-14ef73f e-con-full e-flex e-con e-child\" data-id=\"14ef73f\" data-element_type=\"container\" data-e-type=\"container\">\n\t\t\t\t<\/div>\n\t\t\t\t<\/div>\n\t\t\t\t\t<\/div>\n\t\t\t\t<\/div>\n\t\t<div class=\"elementor-element elementor-element-f8779dd e-flex e-con-boxed e-con e-parent\" data-id=\"f8779dd\" data-element_type=\"container\" data-e-type=\"container\">\n\t\t\t\t\t<div class=\"e-con-inner\">\n\t\t\t\t<div class=\"elementor-element elementor-element-5d8a27e elementor-widget__width-auto elementor-widget elementor-widget-shortcode\" data-id=\"5d8a27e\" data-element_type=\"widget\" data-e-type=\"widget\" data-widget_type=\"shortcode.default\">\n\t\t\t\t<div class=\"elementor-widget-container\">\n\t\t\t\t\t\t\t<div class=\"elementor-shortcode\"><div class=\"aioseo-breadcrumbs\"><span class=\"aioseo-breadcrumb\">\n\t\t\t<a href=\"https:\/\/peakx.at\/fr\" title=\"Accueil\">Accueil<\/a>\n\t\t<\/span><span class=\"aioseo-breadcrumb-separator\">\u00bb<\/span><span class=\"aioseo-breadcrumb\">\n\t\t\tPEAKX consulting\n\t\t<\/span><\/div><\/div>\n\t\t\t\t\t\t<\/div>\n\t\t\t\t<\/div>\n\t\t\t\t\t<\/div>\n\t\t\t\t<\/div>\n\t\t<div class=\"elementor-element elementor-element-c43cc8a e-flex e-con-boxed elementor-invisible e-con e-parent\" data-id=\"c43cc8a\" data-element_type=\"container\" data-e-type=\"container\" data-settings=\"{&quot;background_background&quot;:&quot;classic&quot;,&quot;animation&quot;:&quot;fadeInUp&quot;}\">\n\t\t\t\t\t<div class=\"e-con-inner\">\n\t\t<div class=\"elementor-element elementor-element-2d30b0cc e-con-full e-flex e-con e-child\" data-id=\"2d30b0cc\" data-element_type=\"container\" data-e-type=\"container\">\n\t\t\t\t<div class=\"elementor-element elementor-element-406c89a elementor-widget elementor-widget-heading\" data-id=\"406c89a\" data-element_type=\"widget\" data-e-type=\"widget\" data-widget_type=\"heading.default\">\n\t\t\t\t<div class=\"elementor-widget-container\">\n\t\t\t\t\t<h3 class=\"elementor-heading-title elementor-size-default\">PEAKX consulting<\/h3>\t\t\t\t<\/div>\n\t\t\t\t<\/div>\n\t\t\t\t<div class=\"elementor-element elementor-element-78f1975 elementor-widget elementor-widget-text-editor\" data-id=\"78f1975\" data-element_type=\"widget\" data-e-type=\"widget\" data-widget_type=\"text-editor.default\">\n\t\t\t\t<div class=\"elementor-widget-container\">\n\t\t\t\t\t\t\t\t\t<p><strong>En montagne comme dans les affaires, une chose compte avant tout : la clart\u00e9.<\/strong><\/p><p>Que nous tra\u00e7ons une ligne dans la neige profonde ou que nous menions une entreprise vers le succ\u00e8s dans le monde num\u00e9rique, il s'agit toujours de rester concentr\u00e9, d'atteindre ses objectifs et de viser l'excellence.<\/p><p>\u00c0 c\u00f4t\u00e9 de <strong>PEAKX exp\u00e9riences<\/strong>, ta marque pour les cours de ski, le ski guid\u00e9 et les voyages, est donc \u00e9galement <strong><a title=\"Conseil en marketing PEAKX consulting\" href=\"https:\/\/peakx.consulting\/\" target=\"_blank\" rel=\"noopener\"><span style=\"text-decoration: underline;\">PEAKX consulting<\/span><\/a><\/strong>. Nous accompagnons les entreprises dans leurs strat\u00e9gies, leur marketing en ligne et leur distribution num\u00e9rique, avec la m\u00eame attitude qui caract\u00e9rise notre travail en montagne : leadership, clart\u00e9, concentration.<\/p>\t\t\t\t\t\t\t\t<\/div>\n\t\t\t\t<\/div>\n\t\t<div class=\"elementor-element elementor-element-92b5660 e-grid e-con-full e-con e-child\" data-id=\"92b5660\" data-element_type=\"container\" data-e-type=\"container\">\n\t\t\t\t<div class=\"elementor-element elementor-element-2b42790 elementor-widget-mobile__width-initial elementor-widget elementor-widget-image\" data-id=\"2b42790\" data-element_type=\"widget\" data-e-type=\"widget\" data-widget_type=\"image.default\">\n\t\t\t\t<div class=\"elementor-widget-container\">\n\t\t\t\t\t\t\t\t\t\t\t\t\t\t\t\t<a href=\"https:\/\/peakx.consulting\/\" target=\"_blank\">\n\t\t\t\t\t\t\t<img loading=\"lazy\" decoding=\"async\" width=\"400\" height=\"170\" src=\"https:\/\/peakx.at\/wp-content\/uploads\/2025\/10\/peakx-consulting-logo-grey-font_400-px.webp\" class=\"elementor-animation-grow attachment-full size-full wp-image-3032\" alt=\"\" srcset=\"https:\/\/peakx.at\/wp-content\/uploads\/2025\/10\/peakx-consulting-logo-grey-font_400-px.webp 400w, https:\/\/peakx.at\/wp-content\/uploads\/2025\/10\/peakx-consulting-logo-grey-font_400-px-300x128.webp 300w, https:\/\/peakx.at\/wp-content\/uploads\/2025\/10\/peakx-consulting-logo-grey-font_400-px-18x8.webp 18w\" sizes=\"auto, (max-width: 400px) 100vw, 400px\" \/>\t\t\t\t\t\t\t\t<\/a>\n\t\t\t\t\t\t\t\t\t\t\t\t\t\t\t<\/div>\n\t\t\t\t<\/div>\n\t\t\t\t<div class=\"elementor-element elementor-element-3f18325 elementor-widget-mobile__width-initial elementor-widget elementor-widget-image\" data-id=\"3f18325\" data-element_type=\"widget\" data-e-type=\"widget\" data-widget_type=\"image.default\">\n\t\t\t\t<div class=\"elementor-widget-container\">\n\t\t\t\t\t\t\t\t\t\t\t\t\t\t\t\t<a href=\"\/fr\/\">\n\t\t\t\t\t\t\t<img loading=\"lazy\" decoding=\"async\" width=\"350\" height=\"292\" src=\"https:\/\/peakx.at\/wp-content\/uploads\/2025\/06\/peakx_experiences_logo-color.webp\" class=\"elementor-animation-grow attachment-full size-full wp-image-1389\" alt=\"\" srcset=\"https:\/\/peakx.at\/wp-content\/uploads\/2025\/06\/peakx_experiences_logo-color.webp 350w, https:\/\/peakx.at\/wp-content\/uploads\/2025\/06\/peakx_experiences_logo-color-300x250.webp 300w\" sizes=\"auto, (max-width: 350px) 100vw, 350px\" \/>\t\t\t\t\t\t\t\t<\/a>\n\t\t\t\t\t\t\t\t\t\t\t\t\t\t\t<\/div>\n\t\t\t\t<\/div>\n\t\t\t\t<\/div>\n\t\t\t\t<\/div>\n\t\t<div class=\"elementor-element elementor-element-6a69957b e-con-full e-flex e-con e-child\" data-id=\"6a69957b\" data-element_type=\"container\" data-e-type=\"container\">\n\t\t\t\t<div class=\"elementor-element elementor-element-5970493d elementor-widget elementor-widget-image\" data-id=\"5970493d\" data-element_type=\"widget\" data-e-type=\"widget\" data-widget_type=\"image.default\">\n\t\t\t\t<div class=\"elementor-widget-container\">\n\t\t\t\t\t\t\t\t\t\t\t\t\t\t\t<img loading=\"lazy\" decoding=\"async\" width=\"1920\" height=\"1280\" src=\"https:\/\/peakx.at\/wp-content\/uploads\/2025\/10\/JAK-3.webp\" class=\"attachment-full size-full wp-image-3029\" alt=\"PEAKX consulting\" srcset=\"https:\/\/peakx.at\/wp-content\/uploads\/2025\/10\/JAK-3.webp 1920w, https:\/\/peakx.at\/wp-content\/uploads\/2025\/10\/JAK-3-300x200.webp 300w, https:\/\/peakx.at\/wp-content\/uploads\/2025\/10\/JAK-3-1024x683.webp 1024w, https:\/\/peakx.at\/wp-content\/uploads\/2025\/10\/JAK-3-768x512.webp 768w, https:\/\/peakx.at\/wp-content\/uploads\/2025\/10\/JAK-3-1536x1024.webp 1536w, https:\/\/peakx.at\/wp-content\/uploads\/2025\/10\/JAK-3-18x12.webp 18w\" sizes=\"auto, (max-width: 1920px) 100vw, 1920px\" \/>\t\t\t\t\t\t\t\t\t\t\t\t\t\t\t<\/div>\n\t\t\t\t<\/div>\n\t\t\t\t<\/div>\n\t\t\t\t\t<\/div>\n\t\t\t\t<\/div>\n\t\t<div class=\"elementor-element elementor-element-e28ffc4 e-flex e-con-boxed e-con e-parent\" data-id=\"e28ffc4\" data-element_type=\"container\" data-e-type=\"container\" data-settings=\"{&quot;background_background&quot;:&quot;classic&quot;}\">\n\t\t\t\t\t<div class=\"e-con-inner\">\n\t\t<div class=\"elementor-element elementor-element-e73cf94 e-con-full e-flex e-con e-child\" data-id=\"e73cf94\" data-element_type=\"container\" data-e-type=\"container\">\n\t\t\t\t<div class=\"elementor-element elementor-element-4116be8 elementor-widget-mobile__width-inherit elementor-widget elementor-widget-image\" data-id=\"4116be8\" data-element_type=\"widget\" data-e-type=\"widget\" data-widget_type=\"image.default\">\n\t\t\t\t<div class=\"elementor-widget-container\">\n\t\t\t\t\t\t\t\t\t\t\t\t\t\t\t<img loading=\"lazy\" decoding=\"async\" width=\"1707\" height=\"2560\" src=\"https:\/\/peakx.at\/wp-content\/uploads\/2025\/10\/JAK-5.jpg\" class=\"attachment-full size-full wp-image-3030\" alt=\"PEAKX consulting\" srcset=\"https:\/\/peakx.at\/wp-content\/uploads\/2025\/10\/JAK-5.jpg 1707w, https:\/\/peakx.at\/wp-content\/uploads\/2025\/10\/JAK-5-200x300.jpg 200w, https:\/\/peakx.at\/wp-content\/uploads\/2025\/10\/JAK-5-683x1024.jpg 683w, https:\/\/peakx.at\/wp-content\/uploads\/2025\/10\/JAK-5-768x1152.jpg 768w, https:\/\/peakx.at\/wp-content\/uploads\/2025\/10\/JAK-5-1024x1536.jpg 1024w, https:\/\/peakx.at\/wp-content\/uploads\/2025\/10\/JAK-5-1366x2048.jpg 1366w, https:\/\/peakx.at\/wp-content\/uploads\/2025\/10\/JAK-5-8x12.jpg 8w\" sizes=\"auto, (max-width: 1707px) 100vw, 1707px\" \/>\t\t\t\t\t\t\t\t\t\t\t\t\t\t\t<\/div>\n\t\t\t\t<\/div>\n\t\t\t\t<\/div>\n\t\t<div class=\"elementor-element elementor-element-c8440ed e-con-full e-flex e-con e-child\" data-id=\"c8440ed\" data-element_type=\"container\" data-e-type=\"container\">\n\t\t\t\t<div class=\"elementor-element elementor-element-611925d elementor-widget elementor-widget-heading\" data-id=\"611925d\" data-element_type=\"widget\" data-e-type=\"widget\" data-widget_type=\"heading.default\">\n\t\t\t\t<div class=\"elementor-widget-container\">\n\t\t\t\t\t<h2 class=\"elementor-heading-title elementor-size-default\">Prestations<\/h2>\t\t\t\t<\/div>\n\t\t\t\t<\/div>\n\t\t\t\t<div class=\"elementor-element elementor-element-f908fea elementor-widget elementor-widget-text-editor\" data-id=\"f908fea\" data-element_type=\"widget\" data-e-type=\"widget\" data-widget_type=\"text-editor.default\">\n\t\t\t\t<div class=\"elementor-widget-container\">\n\t\t\t\t\t\t\t\t\t<p><strong>Strat\u00e9gie de marketing en ligne<\/strong> \u2013 des concepts sur mesure pour une croissance durable.<\/p><p><strong>Marketing sur les moteurs de recherche (SEA &amp; SEO)<\/strong> \u2013 \u00catre visible, \u00eatre trouv\u00e9, rester en t\u00eate.<\/p><p><strong>Marketing sur les r\u00e9seaux sociaux<\/strong> \u2013 Port\u00e9e, pertinence et r\u00e9sultats mesurables.<\/p><p><strong>Syst\u00e8mes de plomb<\/strong> \u2013 des processus de vente num\u00e9riques qui transforment les demandes des clients en contrats.<\/p>\t\t\t\t\t\t\t\t<\/div>\n\t\t\t\t<\/div>\n\t\t\t\t<div class=\"elementor-element elementor-element-3803363 elementor-mobile-align-left elementor-widget elementor-widget-button\" data-id=\"3803363\" data-element_type=\"widget\" data-e-type=\"widget\" data-widget_type=\"button.default\">\n\t\t\t\t<div class=\"elementor-widget-container\">\n\t\t\t\t\t\t\t\t\t<div class=\"elementor-button-wrapper\">\n\t\t\t\t\t<a class=\"elementor-button elementor-button-link elementor-size-sm elementor-animation-grow\" href=\"https:\/\/peakx.consulting\/leistungen\/\" target=\"_blank\">\n\t\t\t\t\t\t<span class=\"elementor-button-content-wrapper\">\n\t\t\t\t\t\t<span class=\"elementor-button-icon\">\n\t\t\t\t<i aria-hidden=\"true\" class=\"icon icon-right-arrow\"><\/i>\t\t\t<\/span>\n\t\t\t\t\t\t\t\t\t<span class=\"elementor-button-text\">En savoir plus<\/span>\n\t\t\t\t\t<\/span>\n\t\t\t\t\t<\/a>\n\t\t\t\t<\/div>\n\t\t\t\t\t\t\t\t<\/div>\n\t\t\t\t<\/div>\n\t\t\t\t<\/div>\n\t\t\t\t\t<\/div>\n\t\t\t\t<\/div>\n\t\t<div class=\"elementor-element elementor-element-495ba77 e-flex e-con-boxed e-con e-parent\" data-id=\"495ba77\" data-element_type=\"container\" data-e-type=\"container\">\n\t\t\t\t\t<div class=\"e-con-inner\">\n\t\t\t\t<div class=\"elementor-element elementor-element-b33aec7 elementor-widget elementor-widget-template\" data-id=\"b33aec7\" data-element_type=\"widget\" data-e-type=\"widget\" data-widget_type=\"template.default\">\n\t\t\t\t<div class=\"elementor-widget-container\">\n\t\t\t\t\t\t\t<div class=\"elementor-template\">\n\t\t\t\t\t<div data-elementor-type=\"container\" data-elementor-id=\"1693\" class=\"elementor elementor-1693\" data-elementor-post-type=\"elementor_library\">\n\t\t\t\t<div class=\"elementor-element elementor-element-2aaee532 e-flex e-con-boxed e-con e-parent\" data-id=\"2aaee532\" data-element_type=\"container\" data-e-type=\"container\">\n\t\t\t\t\t<div class=\"e-con-inner\">\n\t\t<div class=\"elementor-element elementor-element-36fcb04f e-con-full e-flex e-con e-child\" data-id=\"36fcb04f\" data-element_type=\"container\" data-e-type=\"container\" data-settings=\"{&quot;background_background&quot;:&quot;classic&quot;}\">\n\t\t<div class=\"elementor-element elementor-element-2dbdcf9d e-con-full e-flex e-con e-child\" data-id=\"2dbdcf9d\" data-element_type=\"container\" data-e-type=\"container\">\n\t\t<div class=\"elementor-element elementor-element-74937152 e-con-full e-flex e-con e-child\" data-id=\"74937152\" data-element_type=\"container\" data-e-type=\"container\">\n\t\t\t\t<div class=\"elementor-element elementor-element-2ab62dc3 elementor-widget__width-initial elementor-widget elementor-widget-heading\" data-id=\"2ab62dc3\" data-element_type=\"widget\" data-e-type=\"widget\" data-widget_type=\"heading.default\">\n\t\t\t\t<div class=\"elementor-widget-container\">\n\t\t\t\t\t<h2 class=\"elementor-heading-title elementor-size-default\">L'aventure t'attend !<\/h2>\t\t\t\t<\/div>\n\t\t\t\t<\/div>\n\t\t\t\t<div class=\"elementor-element elementor-element-9cf9e2 elementor-widget__width-initial elementor-widget elementor-widget-text-editor\" data-id=\"9cf9e2\" data-element_type=\"widget\" data-e-type=\"widget\" data-widget_type=\"text-editor.default\">\n\t\t\t\t<div class=\"elementor-widget-container\">\n\t\t\t\t\t\t\t\t\t<p>Profitez au maximum de votre s\u00e9jour \u00e0 la montagne ! Vous avez peut-\u00eatre d\u00e9j\u00e0 une excursion de r\u00eave en t\u00eate ou vous souhaitez faire vos premiers pas dans l'arri\u00e8re-pays enneig\u00e9 ? Contactez-nous et laissez-nous vous conseiller !<\/p>\t\t\t\t\t\t\t\t<\/div>\n\t\t\t\t<\/div>\n\t\t\t\t<div class=\"elementor-element elementor-element-63ec3f1c elementor-align-start elementor-icon-list--layout-traditional elementor-list-item-link-full_width elementor-widget elementor-widget-icon-list\" data-id=\"63ec3f1c\" data-element_type=\"widget\" data-e-type=\"widget\" data-widget_type=\"icon-list.default\">\n\t\t\t\t<div class=\"elementor-widget-container\">\n\t\t\t\t\t\t\t<ul class=\"elementor-icon-list-items\">\n\t\t\t\t\t\t\t<li class=\"elementor-icon-list-item\">\n\t\t\t\t\t\t\t\t\t\t\t<a href=\"mailto:hello@peakx.at?subject=Anfrage\">\n\n\t\t\t\t\t\t\t\t\t\t\t\t<span class=\"elementor-icon-list-icon\">\n\t\t\t\t\t\t\t<i aria-hidden=\"true\" class=\"icon icon-envelope3\"><\/i>\t\t\t\t\t\t<\/span>\n\t\t\t\t\t\t\t\t\t\t<span class=\"elementor-icon-list-text\">hello@peakx.at<\/span>\n\t\t\t\t\t\t\t\t\t\t\t<\/a>\n\t\t\t\t\t\t\t\t\t<\/li>\n\t\t\t\t\t\t\t\t<li class=\"elementor-icon-list-item\">\n\t\t\t\t\t\t\t\t\t\t\t<a href=\"tel:+436607404492\">\n\n\t\t\t\t\t\t\t\t\t\t\t\t<span class=\"elementor-icon-list-icon\">\n\t\t\t\t\t\t\t<i aria-hidden=\"true\" class=\"icon icon-phone-handset\"><\/i>\t\t\t\t\t\t<\/span>\n\t\t\t\t\t\t\t\t\t\t<span class=\"elementor-icon-list-text\">+43 660 7404492<\/span>\n\t\t\t\t\t\t\t\t\t\t\t<\/a>\n\t\t\t\t\t\t\t\t\t<\/li>\n\t\t\t\t\t\t<\/ul>\n\t\t\t\t\t\t<\/div>\n\t\t\t\t<\/div>\n\t\t\t\t<div class=\"elementor-element elementor-element-3fddd3c0 elementor-align-right elementor-mobile-align-left elementor-widget elementor-widget-button\" data-id=\"3fddd3c0\" data-element_type=\"widget\" data-e-type=\"widget\" data-widget_type=\"button.default\">\n\t\t\t\t<div class=\"elementor-widget-container\">\n\t\t\t\t\t\t\t\t\t<div class=\"elementor-button-wrapper\">\n\t\t\t\t\t<a class=\"elementor-button elementor-button-link elementor-size-sm elementor-animation-grow\" href=\"\/fr\/kontak\/\">\n\t\t\t\t\t\t<span class=\"elementor-button-content-wrapper\">\n\t\t\t\t\t\t<span class=\"elementor-button-icon\">\n\t\t\t\t<i aria-hidden=\"true\" class=\"icon icon-right-arrow\"><\/i>\t\t\t<\/span>\n\t\t\t\t\t\t\t\t\t<span class=\"elementor-button-text\">Demande sans engagement<\/span>\n\t\t\t\t\t<\/span>\n\t\t\t\t\t<\/a>\n\t\t\t\t<\/div>\n\t\t\t\t\t\t\t\t<\/div>\n\t\t\t\t<\/div>\n\t\t\t\t<\/div>\n\t\t\t\t<\/div>\n\t\t\t\t<\/div>\n\t\t\t\t\t<\/div>\n\t\t\t\t<\/div>\n\t\t\t\t<\/div>\n\t\t\t\t<\/div>\n\t\t\t\t\t\t<\/div>\n\t\t\t\t<\/div>\n\t\t\t\t\t<\/div>\n\t\t\t\t<\/div>\n\t\t\t\t<\/div>","protected":false},"excerpt":{"rendered":"<p>PEAKX consulting Am Berg wie im Business z\u00e4hlt eines: Klarheit. Ob wir eine Linie im Tiefschnee ziehen oder ein Unternehmen durch in der digitalen Welt zum Erfolg f\u00fchren \u2013 es geht immer darum, Fokus zu behalten, Ziele zu erreichen und Exzellenz zu leben. Neben PEAKX experiences, deiner Marke f\u00fcr Skischule, Ski-Guiding und Reisen, steht daher [&hellip;]<\/p>\n","protected":false},"author":1,"featured_media":3031,"parent":0,"menu_order":0,"comment_status":"closed","ping_status":"closed","template":"","meta":{"_acf_changed":false,"footnotes":""},"class_list":["post-3027","page","type-page","status-publish","has-post-thumbnail","hentry"],"acf":[],"aioseo_notices":[],"_links":{"self":[{"href":"https:\/\/peakx.at\/fr\/wp-json\/wp\/v2\/pages\/3027","targetHints":{"allow":["GET"]}}],"collection":[{"href":"https:\/\/peakx.at\/fr\/wp-json\/wp\/v2\/pages"}],"about":[{"href":"https:\/\/peakx.at\/fr\/wp-json\/wp\/v2\/types\/page"}],"author":[{"embeddable":true,"href":"https:\/\/peakx.at\/fr\/wp-json\/wp\/v2\/users\/1"}],"replies":[{"embeddable":true,"href":"https:\/\/peakx.at\/fr\/wp-json\/wp\/v2\/comments?post=3027"}],"version-history":[{"count":16,"href":"https:\/\/peakx.at\/fr\/wp-json\/wp\/v2\/pages\/3027\/revisions"}],"predecessor-version":[{"id":3050,"href":"https:\/\/peakx.at\/fr\/wp-json\/wp\/v2\/pages\/3027\/revisions\/3050"}],"wp:featuredmedia":[{"embeddable":true,"href":"https:\/\/peakx.at\/fr\/wp-json\/wp\/v2\/media\/3031"}],"wp:attachment":[{"href":"https:\/\/peakx.at\/fr\/wp-json\/wp\/v2\/media?parent=3027"}],"curies":[{"name":"wp","href":"https:\/\/api.w.org\/{rel}","templated":true}]}}