{"id":2883,"date":"2025-09-26T10:55:19","date_gmt":"2025-09-26T08:55:19","guid":{"rendered":"https:\/\/peakx.at\/?page_id=2883"},"modified":"2026-04-19T13:30:59","modified_gmt":"2026-04-19T11:30:59","slug":"gudauri-georgien","status":"publish","type":"page","link":"https:\/\/peakx.at\/fr\/gudauri-georgien\/","title":{"rendered":"Gudauri \u2013 G\u00e9orgie"},"content":{"rendered":"\t\t<div data-elementor-type=\"wp-page\" data-elementor-id=\"2883\" class=\"elementor elementor-2883\" data-elementor-post-type=\"page\">\n\t\t\t\t<div class=\"elementor-element elementor-element-9d9d2a3 e-flex e-con-boxed e-con e-parent\" data-id=\"9d9d2a3\" data-element_type=\"container\" data-e-type=\"container\" data-settings=\"{&quot;background_background&quot;:&quot;classic&quot;}\">\n\t\t\t\t\t<div class=\"e-con-inner\">\n\t\t<div class=\"elementor-element elementor-element-72628e6 e-con-full e-flex e-con e-child\" data-id=\"72628e6\" data-element_type=\"container\" data-e-type=\"container\" data-settings=\"{&quot;background_background&quot;:&quot;classic&quot;}\">\n\t\t<div class=\"elementor-element elementor-element-14ef73f e-con-full e-flex e-con e-child\" data-id=\"14ef73f\" data-element_type=\"container\" data-e-type=\"container\">\n\t\t\t\t<\/div>\n\t\t\t\t<\/div>\n\t\t\t\t\t<\/div>\n\t\t\t\t<\/div>\n\t\t<div class=\"elementor-element elementor-element-f8779dd e-flex e-con-boxed e-con e-parent\" data-id=\"f8779dd\" data-element_type=\"container\" data-e-type=\"container\">\n\t\t\t\t\t<div class=\"e-con-inner\">\n\t\t\t\t<div class=\"elementor-element elementor-element-5d8a27e elementor-widget__width-auto elementor-widget elementor-widget-shortcode\" data-id=\"5d8a27e\" data-element_type=\"widget\" data-e-type=\"widget\" data-widget_type=\"shortcode.default\">\n\t\t\t\t<div class=\"elementor-widget-container\">\n\t\t\t\t\t\t\t<div class=\"elementor-shortcode\"><div class=\"aioseo-breadcrumbs\"><span class=\"aioseo-breadcrumb\">\n\t\t\t<a href=\"https:\/\/peakx.at\/fr\" title=\"Home\">Home<\/a>\n\t\t<\/span><span class=\"aioseo-breadcrumb-separator\">\u00bb<\/span><span class=\"aioseo-breadcrumb\">\n\t\t\tGudauri \u2013 Georgien\n\t\t<\/span><\/div><\/div>\n\t\t\t\t\t\t<\/div>\n\t\t\t\t<\/div>\n\t\t\t\t\t<\/div>\n\t\t\t\t<\/div>\n\t\t<div class=\"elementor-element elementor-element-16ae803 e-flex e-con-boxed e-con e-parent\" data-id=\"16ae803\" data-element_type=\"container\" data-e-type=\"container\" data-settings=\"{&quot;background_background&quot;:&quot;classic&quot;}\">\n\t\t\t\t\t<div class=\"e-con-inner\">\n\t\t<div class=\"elementor-element elementor-element-60a5b77 e-con-full e-flex e-con e-child\" data-id=\"60a5b77\" data-element_type=\"container\" data-e-type=\"container\">\n\t\t\t\t<div class=\"elementor-element elementor-element-b933324 elementor-widget elementor-widget-heading\" data-id=\"b933324\" data-element_type=\"widget\" data-e-type=\"widget\" data-widget_type=\"heading.default\">\n\t\t\t\t<div class=\"elementor-widget-container\">\n\t\t\t\t\t<h3 class=\"elementor-heading-title elementor-size-default\">Gudauri \u2013 Das Powder-Mekka im Hohen Kaukasus<\/h3>\t\t\t\t<\/div>\n\t\t\t\t<\/div>\n\t\t\t\t<div class=\"elementor-element elementor-element-ed694b2 elementor-widget elementor-widget-text-editor\" data-id=\"ed694b2\" data-element_type=\"widget\" data-e-type=\"widget\" data-widget_type=\"text-editor.default\">\n\t\t\t\t<div class=\"elementor-widget-container\">\n\t\t\t\t\t\t\t\t\t<p>Nur 120 Kilometer n\u00f6rdlich der georgischen Hauptstadt Tiflis liegt Gudauri, ein aufstrebender Wintersportort am legend\u00e4ren Kreuzpass im Hohen Kaukasus. Auf 2.196 Metern Seeh\u00f6he thront das Dorf \u00fcber der ber\u00fchmten Georgischen Heerstra\u00dfe \u2013 und hat sich in den letzten Jahren zu einem Geheimtipp f\u00fcr Freerider und Skitourengeher entwickelt.<\/p><p data-start=\"465\" data-end=\"852\">Das Skigebiet Gudauri ist das gr\u00f6\u00dfte des Landes. Es verf\u00fcgt \u00fcber etwa 75 Pistenkilometer, vier Gondelbahnen, zehn Sessellifte und einen h\u00f6chsten Punkt auf 3.279 Metern. Neben den pr\u00e4parierten Abfahrten bietet das Gebiet ein weitl\u00e4ufiges Off-Piste-Terrain, das f\u00fcr Freeride und Skitouren genutzt wird. Mit kurzen Aufstiegen k\u00f6nnen Abfahrten mit bis zu 2.000 H\u00f6henmetern erreicht werden.<\/p><p data-start=\"854\" data-end=\"1109\">Die Region um Gudauri ist durch den Hohen Kaukasus gepr\u00e4gt und bietet zahlreiche M\u00f6glichkeiten f\u00fcr Bergsport im Winter wie im Sommer. Neben Skifahren und Skitourengehen z\u00e4hlen Wandern und Bergsteigen zu den wichtigen Aktivit\u00e4ten in den w\u00e4rmeren Monaten.<\/p><p data-start=\"1111\" data-end=\"1254\">Durch die N\u00e4he zu Tiflis ist Gudauri sowohl f\u00fcr Tagesausfl\u00fcge als auch f\u00fcr l\u00e4ngere Aufenthalte ein bedeutendes Ziel im georgischen Tourismus.<\/p>\t\t\t\t\t\t\t\t<\/div>\n\t\t\t\t<\/div>\n\t\t\t\t<div class=\"elementor-element elementor-element-3a6069b elementor-widget-tablet__width-inherit elementor-widget elementor-widget-n-accordion\" data-id=\"3a6069b\" data-element_type=\"widget\" data-e-type=\"widget\" data-settings=\"{&quot;default_state&quot;:&quot;all_collapsed&quot;,&quot;max_items_expended&quot;:&quot;one&quot;,&quot;n_accordion_animation_duration&quot;:{&quot;unit&quot;:&quot;ms&quot;,&quot;size&quot;:400,&quot;sizes&quot;:[]}}\" data-widget_type=\"nested-accordion.default\">\n\t\t\t\t<div class=\"elementor-widget-container\">\n\t\t\t\t\t\t\t<div class=\"e-n-accordion\" aria-label=\"Accordion. Open links with Enter or Space, close with Escape, and navigate with Arrow Keys\">\n\t\t\t\t\t\t<details id=\"e-n-accordion-item-6120\" class=\"e-n-accordion-item\" >\n\t\t\t\t<summary class=\"e-n-accordion-item-title\" data-accordion-index=\"1\" tabindex=\"0\" aria-expanded=\"false\" aria-controls=\"e-n-accordion-item-6120\" >\n\t\t\t\t\t<span class='e-n-accordion-item-title-header'><div class=\"e-n-accordion-item-title-text\"> Das spricht f\u00fcr Gudauri <\/div><\/span>\n\t\t\t\t\t\t\t<span class='e-n-accordion-item-title-icon'>\n\t\t\t<span class='e-opened' ><svg aria-hidden=\"true\" class=\"e-font-icon-svg e-fas-minus\" viewBox=\"0 0 448 512\" xmlns=\"http:\/\/www.w3.org\/2000\/svg\"><path d=\"M416 208H32c-17.67 0-32 14.33-32 32v32c0 17.67 14.33 32 32 32h384c17.67 0 32-14.33 32-32v-32c0-17.67-14.33-32-32-32z\"><\/path><\/svg><\/span>\n\t\t\t<span class='e-closed'><svg aria-hidden=\"true\" class=\"e-font-icon-svg e-fas-plus\" viewBox=\"0 0 448 512\" xmlns=\"http:\/\/www.w3.org\/2000\/svg\"><path d=\"M416 208H272V64c0-17.67-14.33-32-32-32h-32c-17.67 0-32 14.33-32 32v144H32c-17.67 0-32 14.33-32 32v32c0 17.67 14.33 32 32 32h144v144c0 17.67 14.33 32 32 32h32c17.67 0 32-14.33 32-32V304h144c17.67 0 32-14.33 32-32v-32c0-17.67-14.33-32-32-32z\"><\/path><\/svg><\/span>\n\t\t<\/span>\n\n\t\t\t\t\t\t<\/summary>\n\t\t\t\t<div role=\"region\" aria-labelledby=\"e-n-accordion-item-6120\" class=\"elementor-element elementor-element-a660575 e-con-full e-flex e-con e-child\" data-id=\"a660575\" data-element_type=\"container\" data-e-type=\"container\">\n\t\t\t\t<div class=\"elementor-element elementor-element-5af52d8 elementor-widget elementor-widget-text-editor\" data-id=\"5af52d8\" data-element_type=\"widget\" data-e-type=\"widget\" data-widget_type=\"text-editor.default\">\n\t\t\t\t<div class=\"elementor-widget-container\">\n\t\t\t\t\t\t\t\t\t<p><strong>Trockenes Klima:<\/strong> Das inneralpine Klima konserviert den trockenen Pulverschnee \u00fcber eine l\u00e4ngere Zeit<\/p><p><strong>H\u00f6henlage<\/strong>: Gudauri liegt mehr als 2.000 Meter \u00fcber dem Meeresspiegel. Das bedeutet, wir sind schnell bei den Einstiegen zu hochalpinen Routen ohne langwierige Zustiege durch den Wald<\/p><p><strong>Gute Erreichbarkeit<\/strong>: Gudauri liegt nur zwei Stunden entfernt vom internationalen Flughafen Tiflis &#8211; keine ewige Anreise \u00fcber schlechte Schotterpisten!<\/p>\t\t\t\t\t\t\t\t<\/div>\n\t\t\t\t<\/div>\n\t\t\t\t<\/div>\n\t\t\t\t\t<\/details>\n\t\t\t\t\t<\/div>\n\t\t\t\t\t\t<\/div>\n\t\t\t\t<\/div>\n\t\t\t\t<\/div>\n\t\t<div class=\"elementor-element elementor-element-d7a5a1e e-con-full e-flex e-con e-child\" data-id=\"d7a5a1e\" data-element_type=\"container\" data-e-type=\"container\">\n\t\t\t\t<div class=\"elementor-element elementor-element-1d9a71c elementor-widget-mobile__width-inherit elementor-widget elementor-widget-image\" data-id=\"1d9a71c\" data-element_type=\"widget\" data-e-type=\"widget\" data-widget_type=\"image.default\">\n\t\t\t\t<div class=\"elementor-widget-container\">\n\t\t\t\t\t\t\t\t\t\t\t\t\t\t\t<img loading=\"lazy\" decoding=\"async\" width=\"1920\" height=\"1280\" src=\"https:\/\/peakx.at\/wp-content\/uploads\/2025\/09\/9.jpg\" class=\"attachment-full size-full wp-image-2861\" alt=\"Skigebiet Gudauri, Georgien\" srcset=\"https:\/\/peakx.at\/wp-content\/uploads\/2025\/09\/9.jpg 1920w, https:\/\/peakx.at\/wp-content\/uploads\/2025\/09\/9-300x200.jpg 300w, https:\/\/peakx.at\/wp-content\/uploads\/2025\/09\/9-1024x683.jpg 1024w, https:\/\/peakx.at\/wp-content\/uploads\/2025\/09\/9-768x512.jpg 768w, https:\/\/peakx.at\/wp-content\/uploads\/2025\/09\/9-1536x1024.jpg 1536w, https:\/\/peakx.at\/wp-content\/uploads\/2025\/09\/9-18x12.jpg 18w\" sizes=\"auto, (max-width: 1920px) 100vw, 1920px\" \/>\t\t\t\t\t\t\t\t\t\t\t\t\t\t\t<\/div>\n\t\t\t\t<\/div>\n\t\t\t\t<\/div>\n\t\t\t\t\t<\/div>\n\t\t\t\t<\/div>\n\t\t<div class=\"elementor-element elementor-element-3f1aeaa e-flex e-con-boxed e-con e-parent\" data-id=\"3f1aeaa\" data-element_type=\"container\" data-e-type=\"container\" data-settings=\"{&quot;background_background&quot;:&quot;classic&quot;}\">\n\t\t\t\t\t<div class=\"e-con-inner\">\n\t\t<div class=\"elementor-element elementor-element-720ee52 e-con-full e-flex e-con e-child\" data-id=\"720ee52\" data-element_type=\"container\" data-e-type=\"container\">\n\t\t\t\t<div class=\"elementor-element elementor-element-a829af2 elementor-widget-mobile__width-inherit elementor-widget elementor-widget-image\" data-id=\"a829af2\" data-element_type=\"widget\" data-e-type=\"widget\" data-widget_type=\"image.default\">\n\t\t\t\t<div class=\"elementor-widget-container\">\n\t\t\t\t\t\t\t\t\t\t\t\t\t\t\t<img loading=\"lazy\" decoding=\"async\" width=\"1920\" height=\"1280\" src=\"https:\/\/peakx.at\/wp-content\/uploads\/2025\/09\/12.jpg\" class=\"attachment-full size-full wp-image-2864\" alt=\"Tiflis in Georgien\" srcset=\"https:\/\/peakx.at\/wp-content\/uploads\/2025\/09\/12.jpg 1920w, https:\/\/peakx.at\/wp-content\/uploads\/2025\/09\/12-300x200.jpg 300w, https:\/\/peakx.at\/wp-content\/uploads\/2025\/09\/12-1024x683.jpg 1024w, https:\/\/peakx.at\/wp-content\/uploads\/2025\/09\/12-768x512.jpg 768w, https:\/\/peakx.at\/wp-content\/uploads\/2025\/09\/12-1536x1024.jpg 1536w, https:\/\/peakx.at\/wp-content\/uploads\/2025\/09\/12-18x12.jpg 18w\" sizes=\"auto, (max-width: 1920px) 100vw, 1920px\" \/>\t\t\t\t\t\t\t\t\t\t\t\t\t\t\t<\/div>\n\t\t\t\t<\/div>\n\t\t\t\t<\/div>\n\t\t<div class=\"elementor-element elementor-element-73af49b e-con-full e-flex e-con e-child\" data-id=\"73af49b\" data-element_type=\"container\" data-e-type=\"container\">\n\t\t\t\t<div class=\"elementor-element elementor-element-4350ee1 elementor-widget elementor-widget-heading\" data-id=\"4350ee1\" data-element_type=\"widget\" data-e-type=\"widget\" data-widget_type=\"heading.default\">\n\t\t\t\t<div class=\"elementor-widget-container\">\n\t\t\t\t\t<h2 class=\"elementor-heading-title elementor-size-default\">Zwischen Europa und Asien<\/h2>\t\t\t\t<\/div>\n\t\t\t\t<\/div>\n\t\t\t\t<div class=\"elementor-element elementor-element-b3271d0 elementor-widget elementor-widget-text-editor\" data-id=\"b3271d0\" data-element_type=\"widget\" data-e-type=\"widget\" data-widget_type=\"text-editor.default\">\n\t\t\t\t<div class=\"elementor-widget-container\">\n\t\t\t\t\t\t\t\t\t<p>Georgien, ein faszinierendes Land, das sich im Schnittpunkt von Europa und Asien erstreckt, beeindruckt mit seiner reichen Geschichte, atemberaubenden Landschaften und kulturellen Vielfalt. Diese eurasische Nation, die am \u00f6stlichen Ufer des Schwarzen Meeres liegt, teilt seine Grenzen mit Russland im Norden, der T\u00fcrkei und Armenien im S\u00fcden sowie Aserbaidschan im S\u00fcdosten.<\/p><p>Die Hauptstadt Tiflis, mit ihrer charmanten Altstadt und modernen Skyline, spiegelt die kulturelle Melange wider, die Georgien so einzigartig macht. Die georgische Kultur ist tief verwurzelt in einer \u00fcber 3.000 Jahre alten Geschichte, gepr\u00e4gt von Einfl\u00fcssen der Perser, Osmanen, Mongolen und Russen.<\/p><p>Georgien begeistert mit seiner einzigartigen Mischung aus Geschichte, Kultur, Natur und Gastfreundschaft im Herzen des Kaukasus.<\/p>\t\t\t\t\t\t\t\t<\/div>\n\t\t\t\t<\/div>\n\t\t\t\t<div class=\"elementor-element elementor-element-152ef6d elementor-widget-tablet__width-inherit elementor-widget elementor-widget-n-accordion\" data-id=\"152ef6d\" data-element_type=\"widget\" data-e-type=\"widget\" data-settings=\"{&quot;default_state&quot;:&quot;all_collapsed&quot;,&quot;max_items_expended&quot;:&quot;one&quot;,&quot;n_accordion_animation_duration&quot;:{&quot;unit&quot;:&quot;ms&quot;,&quot;size&quot;:400,&quot;sizes&quot;:[]}}\" data-widget_type=\"nested-accordion.default\">\n\t\t\t\t<div class=\"elementor-widget-container\">\n\t\t\t\t\t\t\t<div class=\"e-n-accordion\" aria-label=\"Accordion. Open links with Enter or Space, close with Escape, and navigate with Arrow Keys\">\n\t\t\t\t\t\t<details id=\"e-n-accordion-item-2220\" class=\"e-n-accordion-item\" >\n\t\t\t\t<summary class=\"e-n-accordion-item-title\" data-accordion-index=\"1\" tabindex=\"0\" aria-expanded=\"false\" aria-controls=\"e-n-accordion-item-2220\" >\n\t\t\t\t\t<span class='e-n-accordion-item-title-header'><div class=\"e-n-accordion-item-title-text\"> Infobox Georgien <\/div><\/span>\n\t\t\t\t\t\t\t<span class='e-n-accordion-item-title-icon'>\n\t\t\t<span class='e-opened' ><svg aria-hidden=\"true\" class=\"e-font-icon-svg e-fas-minus\" viewBox=\"0 0 448 512\" xmlns=\"http:\/\/www.w3.org\/2000\/svg\"><path d=\"M416 208H32c-17.67 0-32 14.33-32 32v32c0 17.67 14.33 32 32 32h384c17.67 0 32-14.33 32-32v-32c0-17.67-14.33-32-32-32z\"><\/path><\/svg><\/span>\n\t\t\t<span class='e-closed'><svg aria-hidden=\"true\" class=\"e-font-icon-svg e-fas-plus\" viewBox=\"0 0 448 512\" xmlns=\"http:\/\/www.w3.org\/2000\/svg\"><path d=\"M416 208H272V64c0-17.67-14.33-32-32-32h-32c-17.67 0-32 14.33-32 32v144H32c-17.67 0-32 14.33-32 32v32c0 17.67 14.33 32 32 32h144v144c0 17.67 14.33 32 32 32h32c17.67 0 32-14.33 32-32V304h144c17.67 0 32-14.33 32-32v-32c0-17.67-14.33-32-32-32z\"><\/path><\/svg><\/span>\n\t\t<\/span>\n\n\t\t\t\t\t\t<\/summary>\n\t\t\t\t<div role=\"region\" aria-labelledby=\"e-n-accordion-item-2220\" class=\"elementor-element elementor-element-34a95c0 e-con-full e-flex e-con e-child\" data-id=\"34a95c0\" data-element_type=\"container\" data-e-type=\"container\">\n\t\t\t\t<div class=\"elementor-element elementor-element-a4861b0 elementor-widget elementor-widget-text-editor\" data-id=\"a4861b0\" data-element_type=\"widget\" data-e-type=\"widget\" data-widget_type=\"text-editor.default\">\n\t\t\t\t<div class=\"elementor-widget-container\">\n\t\t\t\t\t\t\t\t\t<p><strong>Hauptstadt:<\/strong> Tiflis<\/p><p><strong>Fl\u00e4che:<\/strong> 69.700 Quadratkilometer (Deutschland: 357.592 km\u00b2)<\/p><p><strong>Bev\u00f6lkerung:<\/strong> 3,7 Millionen Menschen. Die ethnische Vielfalt spiegelt die reiche Geschichte des Landes wider.<\/p><p><strong>Amtssprache:<\/strong> Georgisch, eine einzigartige Sprache mit einer eigenen Schrift<\/p><p><strong>W\u00e4hrung:<\/strong> Georgische Lari (GEL)<\/p>\t\t\t\t\t\t\t\t<\/div>\n\t\t\t\t<\/div>\n\t\t\t\t<\/div>\n\t\t\t\t\t<\/details>\n\t\t\t\t\t<\/div>\n\t\t\t\t\t\t<\/div>\n\t\t\t\t<\/div>\n\t\t\t\t<\/div>\n\t\t\t\t\t<\/div>\n\t\t\t\t<\/div>\n\t\t<div class=\"elementor-element elementor-element-01c40e2 e-flex e-con-boxed e-con e-parent\" data-id=\"01c40e2\" data-element_type=\"container\" data-e-type=\"container\">\n\t\t\t\t\t<div class=\"e-con-inner\">\n\t\t\t\t<div class=\"elementor-element elementor-element-9d014ef elementor-grid-3 elementor-grid-tablet-2 elementor-grid-mobile-1 elementor-widget elementor-widget-loop-grid\" data-id=\"9d014ef\" data-element_type=\"widget\" data-e-type=\"widget\" data-settings=\"{&quot;template_id&quot;:&quot;965&quot;,&quot;_skin&quot;:&quot;post&quot;,&quot;columns&quot;:&quot;3&quot;,&quot;columns_tablet&quot;:&quot;2&quot;,&quot;columns_mobile&quot;:&quot;1&quot;,&quot;edit_handle_selector&quot;:&quot;[data-elementor-type=\\&quot;loop-item\\&quot;]&quot;,&quot;row_gap&quot;:{&quot;unit&quot;:&quot;px&quot;,&quot;size&quot;:&quot;&quot;,&quot;sizes&quot;:[]},&quot;row_gap_tablet&quot;:{&quot;unit&quot;:&quot;px&quot;,&quot;size&quot;:&quot;&quot;,&quot;sizes&quot;:[]},&quot;row_gap_mobile&quot;:{&quot;unit&quot;:&quot;px&quot;,&quot;size&quot;:&quot;&quot;,&quot;sizes&quot;:[]}}\" data-widget_type=\"loop-grid.post\">\n\t\t\t\t<div class=\"elementor-widget-container\">\n\t\t\t\t\t\t\t<div class=\"e-loop-nothing-found-message\">\n\t\t<\/div>\n\t\t\t\t\t\t<\/div>\n\t\t\t\t<\/div>\n\t\t\t\t\t<\/div>\n\t\t\t\t<\/div>\n\t\t<div class=\"elementor-element elementor-element-495ba77 e-flex e-con-boxed e-con e-parent\" data-id=\"495ba77\" data-element_type=\"container\" data-e-type=\"container\">\n\t\t\t\t\t<div class=\"e-con-inner\">\n\t\t\t\t<div class=\"elementor-element elementor-element-b33aec7 elementor-widget elementor-widget-template\" data-id=\"b33aec7\" data-element_type=\"widget\" data-e-type=\"widget\" data-widget_type=\"template.default\">\n\t\t\t\t<div class=\"elementor-widget-container\">\n\t\t\t\t\t\t\t<div class=\"elementor-template\">\n\t\t\t\t\t<div data-elementor-type=\"container\" data-elementor-id=\"1693\" class=\"elementor elementor-1693\" data-elementor-post-type=\"elementor_library\">\n\t\t\t\t<div class=\"elementor-element elementor-element-2aaee532 e-flex e-con-boxed e-con e-parent\" data-id=\"2aaee532\" data-element_type=\"container\" data-e-type=\"container\">\n\t\t\t\t\t<div class=\"e-con-inner\">\n\t\t<div class=\"elementor-element elementor-element-36fcb04f e-con-full e-flex e-con e-child\" data-id=\"36fcb04f\" data-element_type=\"container\" data-e-type=\"container\" data-settings=\"{&quot;background_background&quot;:&quot;classic&quot;}\">\n\t\t<div class=\"elementor-element elementor-element-2dbdcf9d e-con-full e-flex e-con e-child\" data-id=\"2dbdcf9d\" data-element_type=\"container\" data-e-type=\"container\">\n\t\t<div class=\"elementor-element elementor-element-74937152 e-con-full e-flex e-con e-child\" data-id=\"74937152\" data-element_type=\"container\" data-e-type=\"container\">\n\t\t\t\t<div class=\"elementor-element elementor-element-2ab62dc3 elementor-widget__width-initial elementor-widget elementor-widget-heading\" data-id=\"2ab62dc3\" data-element_type=\"widget\" data-e-type=\"widget\" data-widget_type=\"heading.default\">\n\t\t\t\t<div class=\"elementor-widget-container\">\n\t\t\t\t\t<h2 class=\"elementor-heading-title elementor-size-default\">Dein Abenteuer wartet!<\/h2>\t\t\t\t<\/div>\n\t\t\t\t<\/div>\n\t\t\t\t<div class=\"elementor-element elementor-element-9cf9e2 elementor-widget__width-initial elementor-widget elementor-widget-text-editor\" data-id=\"9cf9e2\" data-element_type=\"widget\" data-e-type=\"widget\" data-widget_type=\"text-editor.default\">\n\t\t\t\t<div class=\"elementor-widget-container\">\n\t\t\t\t\t\t\t\t\t<p>Mach das beste aus deiner Zeit am Berg! Vielleicht hast du schon eine Traumtour im Blick oder m\u00f6chtest deine ersten Schritte im verschneiten Backcountry wagen? Kontaktiere uns und lass dich beraten!<\/p>\t\t\t\t\t\t\t\t<\/div>\n\t\t\t\t<\/div>\n\t\t\t\t<div class=\"elementor-element elementor-element-63ec3f1c elementor-align-start elementor-icon-list--layout-traditional elementor-list-item-link-full_width elementor-widget elementor-widget-icon-list\" data-id=\"63ec3f1c\" data-element_type=\"widget\" data-e-type=\"widget\" data-widget_type=\"icon-list.default\">\n\t\t\t\t<div class=\"elementor-widget-container\">\n\t\t\t\t\t\t\t<ul class=\"elementor-icon-list-items\">\n\t\t\t\t\t\t\t<li class=\"elementor-icon-list-item\">\n\t\t\t\t\t\t\t\t\t\t\t<a href=\"mailto:hello@peakx.at?subject=Anfrage\">\n\n\t\t\t\t\t\t\t\t\t\t\t\t<span class=\"elementor-icon-list-icon\">\n\t\t\t\t\t\t\t<i aria-hidden=\"true\" class=\"icon icon-envelope3\"><\/i>\t\t\t\t\t\t<\/span>\n\t\t\t\t\t\t\t\t\t\t<span class=\"elementor-icon-list-text\">hello@peakx.at<\/span>\n\t\t\t\t\t\t\t\t\t\t\t<\/a>\n\t\t\t\t\t\t\t\t\t<\/li>\n\t\t\t\t\t\t\t\t<li class=\"elementor-icon-list-item\">\n\t\t\t\t\t\t\t\t\t\t\t<a href=\"tel:+436607404492\">\n\n\t\t\t\t\t\t\t\t\t\t\t\t<span class=\"elementor-icon-list-icon\">\n\t\t\t\t\t\t\t<i aria-hidden=\"true\" class=\"icon icon-phone-handset\"><\/i>\t\t\t\t\t\t<\/span>\n\t\t\t\t\t\t\t\t\t\t<span class=\"elementor-icon-list-text\">+43 660 7404492<\/span>\n\t\t\t\t\t\t\t\t\t\t\t<\/a>\n\t\t\t\t\t\t\t\t\t<\/li>\n\t\t\t\t\t\t<\/ul>\n\t\t\t\t\t\t<\/div>\n\t\t\t\t<\/div>\n\t\t\t\t<div class=\"elementor-element elementor-element-3fddd3c0 elementor-align-right elementor-mobile-align-left elementor-widget elementor-widget-button\" data-id=\"3fddd3c0\" data-element_type=\"widget\" data-e-type=\"widget\" data-widget_type=\"button.default\">\n\t\t\t\t<div class=\"elementor-widget-container\">\n\t\t\t\t\t\t\t\t\t<div class=\"elementor-button-wrapper\">\n\t\t\t\t\t<a class=\"elementor-button elementor-button-link elementor-size-sm elementor-animation-grow\" href=\"\/kontak\">\n\t\t\t\t\t\t<span class=\"elementor-button-content-wrapper\">\n\t\t\t\t\t\t<span class=\"elementor-button-icon\">\n\t\t\t\t<i aria-hidden=\"true\" class=\"icon icon-right-arrow\"><\/i>\t\t\t<\/span>\n\t\t\t\t\t\t\t\t\t<span class=\"elementor-button-text\">unverbindlich anfragen<\/span>\n\t\t\t\t\t<\/span>\n\t\t\t\t\t<\/a>\n\t\t\t\t<\/div>\n\t\t\t\t\t\t\t\t<\/div>\n\t\t\t\t<\/div>\n\t\t\t\t<\/div>\n\t\t\t\t<\/div>\n\t\t\t\t<\/div>\n\t\t\t\t\t<\/div>\n\t\t\t\t<\/div>\n\t\t\t\t<\/div>\n\t\t\t\t<\/div>\n\t\t\t\t\t\t<\/div>\n\t\t\t\t<\/div>\n\t\t\t\t\t<\/div>\n\t\t\t\t<\/div>\n\t\t\t\t<\/div>\n\t\t","protected":false},"excerpt":{"rendered":"<p>Gudauri \u2013 Das Powder-Mekka im Hohen Kaukasus Nur 120 Kilometer n\u00f6rdlich der georgischen Hauptstadt Tiflis liegt Gudauri, ein aufstrebender Wintersportort am legend\u00e4ren Kreuzpass im Hohen Kaukasus. Auf 2.196 Metern Seeh\u00f6he thront das Dorf \u00fcber der ber\u00fchmten Georgischen Heerstra\u00dfe \u2013 und hat sich in den letzten Jahren zu einem Geheimtipp f\u00fcr Freerider und Skitourengeher entwickelt. Das [&hellip;]<\/p>\n","protected":false},"author":1,"featured_media":2863,"parent":0,"menu_order":0,"comment_status":"closed","ping_status":"closed","template":"","meta":{"_acf_changed":false,"footnotes":""},"class_list":["post-2883","page","type-page","status-publish","has-post-thumbnail","hentry"],"acf":[],"aioseo_notices":[],"_links":{"self":[{"href":"https:\/\/peakx.at\/fr\/wp-json\/wp\/v2\/pages\/2883","targetHints":{"allow":["GET"]}}],"collection":[{"href":"https:\/\/peakx.at\/fr\/wp-json\/wp\/v2\/pages"}],"about":[{"href":"https:\/\/peakx.at\/fr\/wp-json\/wp\/v2\/types\/page"}],"author":[{"embeddable":true,"href":"https:\/\/peakx.at\/fr\/wp-json\/wp\/v2\/users\/1"}],"replies":[{"embeddable":true,"href":"https:\/\/peakx.at\/fr\/wp-json\/wp\/v2\/comments?post=2883"}],"version-history":[{"count":10,"href":"https:\/\/peakx.at\/fr\/wp-json\/wp\/v2\/pages\/2883\/revisions"}],"predecessor-version":[{"id":3657,"href":"https:\/\/peakx.at\/fr\/wp-json\/wp\/v2\/pages\/2883\/revisions\/3657"}],"wp:featuredmedia":[{"embeddable":true,"href":"https:\/\/peakx.at\/fr\/wp-json\/wp\/v2\/media\/2863"}],"wp:attachment":[{"href":"https:\/\/peakx.at\/fr\/wp-json\/wp\/v2\/media?parent=2883"}],"curies":[{"name":"wp","href":"https:\/\/api.w.org\/{rel}","templated":true}]}}