{"id":2066,"date":"2025-07-15T19:34:21","date_gmt":"2025-07-15T17:34:21","guid":{"rendered":"https:\/\/peakx.at\/?page_id=2066"},"modified":"2026-03-12T11:17:21","modified_gmt":"2026-03-12T10:17:21","slug":"impressum","status":"publish","type":"page","link":"https:\/\/peakx.at\/fr\/impressum\/","title":{"rendered":"Mentions l\u00e9gales"},"content":{"rendered":"<div data-elementor-type=\"wp-page\" data-elementor-id=\"2066\" class=\"elementor elementor-2066\" data-elementor-post-type=\"page\">\n\t\t\t\t<div class=\"elementor-element elementor-element-9d9d2a3 e-flex e-con-boxed e-con e-parent\" data-id=\"9d9d2a3\" data-element_type=\"container\" data-e-type=\"container\" data-settings=\"{&quot;background_background&quot;:&quot;classic&quot;}\">\n\t\t\t\t\t<div class=\"e-con-inner\">\n\t\t<div class=\"elementor-element elementor-element-72628e6 e-con-full e-flex e-con e-child\" data-id=\"72628e6\" data-element_type=\"container\" data-e-type=\"container\" data-settings=\"{&quot;background_background&quot;:&quot;classic&quot;}\">\n\t\t<div class=\"elementor-element elementor-element-14ef73f e-con-full e-flex e-con e-child\" data-id=\"14ef73f\" data-element_type=\"container\" data-e-type=\"container\">\n\t\t\t\t<\/div>\n\t\t\t\t<\/div>\n\t\t\t\t\t<\/div>\n\t\t\t\t<\/div>\n\t\t<div class=\"elementor-element elementor-element-f8779dd e-flex e-con-boxed e-con e-parent\" data-id=\"f8779dd\" data-element_type=\"container\" data-e-type=\"container\">\n\t\t\t\t\t<div class=\"e-con-inner\">\n\t\t\t\t<div class=\"elementor-element elementor-element-5d8a27e elementor-widget__width-auto elementor-widget elementor-widget-shortcode\" data-id=\"5d8a27e\" data-element_type=\"widget\" data-e-type=\"widget\" data-widget_type=\"shortcode.default\">\n\t\t\t\t<div class=\"elementor-widget-container\">\n\t\t\t\t\t\t\t<div class=\"elementor-shortcode\"><div class=\"aioseo-breadcrumbs\"><span class=\"aioseo-breadcrumb\">\n\t\t\t<a href=\"https:\/\/peakx.at\/fr\" title=\"Accueil\">Accueil<\/a>\n\t\t<\/span><span class=\"aioseo-breadcrumb-separator\">\u00bb<\/span><span class=\"aioseo-breadcrumb\">\n\t\t\tMentions l\u00e9gales\n\t\t<\/span><\/div><\/div>\n\t\t\t\t\t\t<\/div>\n\t\t\t\t<\/div>\n\t\t\t\t\t<\/div>\n\t\t\t\t<\/div>\n\t\t<div class=\"elementor-element elementor-element-506fe75 e-flex e-con-boxed e-con e-parent\" data-id=\"506fe75\" data-element_type=\"container\" data-e-type=\"container\">\n\t\t\t\t\t<div class=\"e-con-inner\">\n\t\t\t\t<div class=\"elementor-element elementor-element-ed7ea4d elementor-widget elementor-widget-text-editor\" data-id=\"ed7ea4d\" data-element_type=\"widget\" data-e-type=\"widget\" data-widget_type=\"text-editor.default\">\n\t\t\t\t<div class=\"elementor-widget-container\">\n\t\t\t\t\t\t\t\t\t<p>Jan Alexander Kunert, MSc<br \/><strong>PEAKX exp\u00e9riences<\/strong><\/p><p>Siedlung 47\/1<br \/>6463 Karr\u00f6sten<br \/>Autriche<\/p><p>T\u00e9l. : <a href=\"tel:+43 660 7404492\"><span style=\"text-decoration: underline;\">+43 660 7404492<\/span><\/a><br \/>E-mail :\u00a0<span style=\"text-decoration: underline;\"><a href=\"mailto:hello@peakx.at\">hello@peakx.at<\/a><\/span><\/p><p>Num\u00e9ro d'identification fiscale : ATU76772618<br \/>Num\u00e9ro GISA : 38598357<br \/>Vous trouverez plus de d\u00e9tails sur l'autorisation d'exercer des prestations de voyage de PEAKX experiences, Jan Alexander Kunert, sur le site web. <a href=\"https:\/\/www.gisa.gv.at\/abfrage\"><span style=\"text-decoration: underline;\">https:\/\/www.gisa.gv.at\/abfrage<\/span><\/a> sous le num\u00e9ro GISA 38598357.<\/p><p><strong>objet social<\/strong>: Moniteur de ski et guide de ski dipl\u00f4m\u00e9 d'\u00c9tat ; gestion d'une \u00e9cole de ski alpin, agence de voyage<\/p><p><strong>Pays d'attribution :\u00a0<\/strong>Autriche<\/p><p><strong>services<\/strong>: enseignement des techniques et connaissances relatives au ski, accompagnement et guidage lors de la pratique du ski et de randonn\u00e9es \u00e0 ski ; les prestations sont fournies uniquement par le titulaire de la concession (= \u201c \u00e9cole de ski individuelle \u201c), organisation et vente de voyages \u00e0 forfait et de prestations de voyage individuelles.<\/p><p><strong>Membre de<\/strong>: Association des moniteurs de ski du Tyrol, Association des moniteurs de ski du Vorarlberg, Chambre \u00e9conomique du Tyrol<\/p><p><strong>droit professionnel<\/strong>:\u00a0<span style=\"text-decoration: underline;\"><a href=\"https:\/\/www.ris.bka.gv.at\/GeltendeFassung.wxe?Abfrage=LrT&amp;Gesetzesnummer=10000183\" target=\"_blank\" rel=\"noopener\">Loi tyrolienne sur les \u00e9coles de ski<\/a><\/span>,\u00a0<span style=\"text-decoration: underline;\"><a href=\"https:\/\/www.ris.bka.gv.at\/GeltendeFassung.wxe?Abfrage=LrVbg&amp;Gesetzesnummer=20000450\" target=\"_blank\" rel=\"noopener\">Loi sur les \u00e9coles de ski du Vorarlberg<\/a><\/span><br \/>PEAKX experiences, Jan Alexander Kunert, est membre de la Chambre \u00e9conomique autrichienne et soumis au code du commerce. Les dispositions professionnelles applicables \u00e0 l'entreprise peuvent \u00eatre consult\u00e9es \u00e0 l'adresse suivante <a href=\"https:\/\/www.wko.at\/oe\/tourismus-freizeitwirtschaft\/reisebueros\/start?shorturl=reisebuerosat\" target=\"_blank\" rel=\"noopener\"><span style=\"text-decoration: underline;\">peuvent \u00eatre consult\u00e9s ici<\/span><\/a>.<\/p><p><strong>autorit\u00e9 de surveillance<\/strong>: Gouvernement r\u00e9gional du Tyrol, administration du district de Landeck ; gouvernement r\u00e9gional du Vorarlberg, d\u00e9partement des sports<\/p><p>Plateforme de la Commission europ\u00e9enne pour le r\u00e8glement en ligne des litiges :\u00a0<a href=\"https:\/\/ec.europa.eu\/odr\" target=\"_blank\" rel=\"noopener\">https:\/\/ec.europa.eu\/odr<\/a><\/p><p>Nous ne sommes ni tenus ni dispos\u00e9s \u00e0 participer \u00e0 une proc\u00e9dure de r\u00e8glement des litiges devant un organisme de conciliation des consommateurs.<\/p>\t\t\t\t\t\t\t\t<\/div>\n\t\t\t\t<\/div>\n\t\t\t\t<div class=\"elementor-element elementor-element-5d86053 elementor-widget elementor-widget-spacer\" data-id=\"5d86053\" data-element_type=\"widget\" data-e-type=\"widget\" data-widget_type=\"spacer.default\">\n\t\t\t\t<div class=\"elementor-widget-container\">\n\t\t\t\t\t\t\t<div class=\"elementor-spacer\">\n\t\t\t<div class=\"elementor-spacer-inner\"><\/div>\n\t\t<\/div>\n\t\t\t\t\t\t<\/div>\n\t\t\t\t<\/div>\n\t\t\t\t\t<\/div>\n\t\t\t\t<\/div>\n\t\t\t\t<\/div>","protected":false},"excerpt":{"rendered":"<p>Jan Alexander Kunert, MScPEAKX experiences Siedlung 47\/16463 Karr\u00f6sten\u00d6sterreich Tel.: +43 660 7404492E-Mail:\u00a0hello@peakx.at UID-Nr.: ATU76772618GISA-Zahl: 38598357Details zur Reiseleistungsaus\u00fcbungsberechtigung von PEAKX experiences, Jan Alexander Kunert, finden Sie auf der Webseite https:\/\/www.gisa.gv.at\/abfrage unter der GISA Zahl 38598357. Unternehmensgegenstand: Staatlich gepr\u00fcfter Diplomskilehrer &amp; Skif\u00fchrer; Betrieb einer Alpin Skischule, Reiseb\u00fcro Verleihungsstaat:\u00a0\u00d6sterreich Dienstleistungen: Erteilung von Unterricht in den Fertigkeiten und Kenntnissen [&hellip;]<\/p>\n","protected":false},"author":1,"featured_media":395,"parent":0,"menu_order":0,"comment_status":"closed","ping_status":"closed","template":"","meta":{"_acf_changed":false,"footnotes":""},"class_list":["post-2066","page","type-page","status-publish","has-post-thumbnail","hentry"],"acf":[],"aioseo_notices":[],"_links":{"self":[{"href":"https:\/\/peakx.at\/fr\/wp-json\/wp\/v2\/pages\/2066","targetHints":{"allow":["GET"]}}],"collection":[{"href":"https:\/\/peakx.at\/fr\/wp-json\/wp\/v2\/pages"}],"about":[{"href":"https:\/\/peakx.at\/fr\/wp-json\/wp\/v2\/types\/page"}],"author":[{"embeddable":true,"href":"https:\/\/peakx.at\/fr\/wp-json\/wp\/v2\/users\/1"}],"replies":[{"embeddable":true,"href":"https:\/\/peakx.at\/fr\/wp-json\/wp\/v2\/comments?post=2066"}],"version-history":[{"count":13,"href":"https:\/\/peakx.at\/fr\/wp-json\/wp\/v2\/pages\/2066\/revisions"}],"predecessor-version":[{"id":3577,"href":"https:\/\/peakx.at\/fr\/wp-json\/wp\/v2\/pages\/2066\/revisions\/3577"}],"wp:featuredmedia":[{"embeddable":true,"href":"https:\/\/peakx.at\/fr\/wp-json\/wp\/v2\/media\/395"}],"wp:attachment":[{"href":"https:\/\/peakx.at\/fr\/wp-json\/wp\/v2\/media?parent=2066"}],"curies":[{"name":"wp","href":"https:\/\/api.w.org\/{rel}","templated":true}]}}