{"id":1820,"date":"2025-07-14T09:50:34","date_gmt":"2025-07-14T07:50:34","guid":{"rendered":"https:\/\/peakx.at\/?page_id=1820"},"modified":"2026-04-19T13:32:37","modified_gmt":"2026-04-19T11:32:37","slug":"silvretta","status":"publish","type":"page","link":"https:\/\/peakx.at\/fr\/silvretta\/","title":{"rendered":"Silvretta"},"content":{"rendered":"\t\t<div data-elementor-type=\"wp-page\" data-elementor-id=\"1820\" class=\"elementor elementor-1820\" data-elementor-post-type=\"page\">\n\t\t\t\t<div class=\"elementor-element elementor-element-9d9d2a3 e-flex e-con-boxed e-con e-parent\" data-id=\"9d9d2a3\" data-element_type=\"container\" data-e-type=\"container\" data-settings=\"{&quot;background_background&quot;:&quot;classic&quot;}\">\n\t\t\t\t\t<div class=\"e-con-inner\">\n\t\t<div class=\"elementor-element elementor-element-72628e6 e-con-full e-flex e-con e-child\" data-id=\"72628e6\" data-element_type=\"container\" data-e-type=\"container\" data-settings=\"{&quot;background_background&quot;:&quot;classic&quot;}\">\n\t\t<div class=\"elementor-element elementor-element-14ef73f e-con-full e-flex e-con e-child\" data-id=\"14ef73f\" data-element_type=\"container\" data-e-type=\"container\">\n\t\t\t\t<\/div>\n\t\t\t\t<\/div>\n\t\t\t\t\t<\/div>\n\t\t\t\t<\/div>\n\t\t<div class=\"elementor-element elementor-element-f8779dd e-flex e-con-boxed e-con e-parent\" data-id=\"f8779dd\" data-element_type=\"container\" data-e-type=\"container\">\n\t\t\t\t\t<div class=\"e-con-inner\">\n\t\t\t\t<div class=\"elementor-element elementor-element-5d8a27e elementor-widget__width-auto elementor-widget elementor-widget-shortcode\" data-id=\"5d8a27e\" data-element_type=\"widget\" data-e-type=\"widget\" data-widget_type=\"shortcode.default\">\n\t\t\t\t<div class=\"elementor-widget-container\">\n\t\t\t\t\t\t\t<div class=\"elementor-shortcode\"><div class=\"aioseo-breadcrumbs\"><span class=\"aioseo-breadcrumb\">\n\t\t\t<a href=\"https:\/\/peakx.at\/fr\" title=\"Home\">Home<\/a>\n\t\t<\/span><span class=\"aioseo-breadcrumb-separator\">\u00bb<\/span><span class=\"aioseo-breadcrumb\">\n\t\t\tSilvretta\n\t\t<\/span><\/div><\/div>\n\t\t\t\t\t\t<\/div>\n\t\t\t\t<\/div>\n\t\t\t\t\t<\/div>\n\t\t\t\t<\/div>\n\t\t<div class=\"elementor-element elementor-element-16ae803 e-flex e-con-boxed e-con e-parent\" data-id=\"16ae803\" data-element_type=\"container\" data-e-type=\"container\" data-settings=\"{&quot;background_background&quot;:&quot;classic&quot;}\">\n\t\t\t\t\t<div class=\"e-con-inner\">\n\t\t<div class=\"elementor-element elementor-element-60a5b77 e-con-full e-flex e-con e-child\" data-id=\"60a5b77\" data-element_type=\"container\" data-e-type=\"container\">\n\t\t\t\t<div class=\"elementor-element elementor-element-b933324 elementor-widget elementor-widget-heading\" data-id=\"b933324\" data-element_type=\"widget\" data-e-type=\"widget\" data-widget_type=\"heading.default\">\n\t\t\t\t<div class=\"elementor-widget-container\">\n\t\t\t\t\t<h3 class=\"elementor-heading-title elementor-size-default\">Silvretta \u2013 Skitourenklassiker im Herzen der Ostalpen<\/h3>\t\t\t\t<\/div>\n\t\t\t\t<\/div>\n\t\t\t\t<div class=\"elementor-element elementor-element-ed694b2 elementor-widget elementor-widget-text-editor\" data-id=\"ed694b2\" data-element_type=\"widget\" data-e-type=\"widget\" data-widget_type=\"text-editor.default\">\n\t\t\t\t<div class=\"elementor-widget-container\">\n\t\t\t\t\t\t\t\t\t<p data-start=\"407\" data-end=\"748\">M\u00e4chtige Gletscher, markante Gipfel, stille Kare \u2013 die Silvretta gilt seit Jahrzehnten als eines der sch\u00f6nsten und traditionsreichsten Skitourengebiete der Alpen. Eingebettet im Dreil\u00e4ndereck Tirol \u2013 Vorarlberg \u2013 Schweiz bietet sie eine einzigartige Mischung aus hochalpinem Flair, grandioser Landschaft und perfekter Erreichbarkeit.<\/p><p data-start=\"750\" data-end=\"790\"><strong data-start=\"754\" data-end=\"790\">Ein Gebiet \u2013 viele M\u00f6glichkeiten<\/strong><\/p><p data-start=\"792\" data-end=\"1194\">Ob als klassische Durchquerung von H\u00fctte zu H\u00fctte, mit leichtem Gep\u00e4ck \u00fcber vergletscherte P\u00e4sse \u2013 als St\u00fctzpunkt-Tour von einer zentral gelegenen H\u00fctte \u2013 oder komfortabel ab der Bielerh\u00f6he, wo man bereits auf 2.000 Meter Seeh\u00f6he startet: Die Silvretta ist vielseitig und erlaubt individuelle Tourenplanung f\u00fcr jedes Level \u2013 von genussvoll bis anspruchsvoll.<\/p>\t\t\t\t\t\t\t\t<\/div>\n\t\t\t\t<\/div>\n\t\t\t\t<div class=\"elementor-element elementor-element-3a6069b elementor-widget-tablet__width-inherit elementor-widget elementor-widget-n-accordion\" data-id=\"3a6069b\" data-element_type=\"widget\" data-e-type=\"widget\" data-settings=\"{&quot;default_state&quot;:&quot;all_collapsed&quot;,&quot;max_items_expended&quot;:&quot;one&quot;,&quot;n_accordion_animation_duration&quot;:{&quot;unit&quot;:&quot;ms&quot;,&quot;size&quot;:400,&quot;sizes&quot;:[]}}\" data-widget_type=\"nested-accordion.default\">\n\t\t\t\t<div class=\"elementor-widget-container\">\n\t\t\t\t\t\t\t<div class=\"e-n-accordion\" aria-label=\"Accordion. Open links with Enter or Space, close with Escape, and navigate with Arrow Keys\">\n\t\t\t\t\t\t<details id=\"e-n-accordion-item-6120\" class=\"e-n-accordion-item\" >\n\t\t\t\t<summary class=\"e-n-accordion-item-title\" data-accordion-index=\"1\" tabindex=\"0\" aria-expanded=\"false\" aria-controls=\"e-n-accordion-item-6120\" >\n\t\t\t\t\t<span class='e-n-accordion-item-title-header'><div class=\"e-n-accordion-item-title-text\"> Warum mit PEAKX in die Silvretta? <\/div><\/span>\n\t\t\t\t\t\t\t<span class='e-n-accordion-item-title-icon'>\n\t\t\t<span class='e-opened' ><svg aria-hidden=\"true\" class=\"e-font-icon-svg e-fas-minus\" viewBox=\"0 0 448 512\" xmlns=\"http:\/\/www.w3.org\/2000\/svg\"><path d=\"M416 208H32c-17.67 0-32 14.33-32 32v32c0 17.67 14.33 32 32 32h384c17.67 0 32-14.33 32-32v-32c0-17.67-14.33-32-32-32z\"><\/path><\/svg><\/span>\n\t\t\t<span class='e-closed'><svg aria-hidden=\"true\" class=\"e-font-icon-svg e-fas-plus\" viewBox=\"0 0 448 512\" xmlns=\"http:\/\/www.w3.org\/2000\/svg\"><path d=\"M416 208H272V64c0-17.67-14.33-32-32-32h-32c-17.67 0-32 14.33-32 32v144H32c-17.67 0-32 14.33-32 32v32c0 17.67 14.33 32 32 32h144v144c0 17.67 14.33 32 32 32h32c17.67 0 32-14.33 32-32V304h144c17.67 0 32-14.33 32-32v-32c0-17.67-14.33-32-32-32z\"><\/path><\/svg><\/span>\n\t\t<\/span>\n\n\t\t\t\t\t\t<\/summary>\n\t\t\t\t<div role=\"region\" aria-labelledby=\"e-n-accordion-item-6120\" class=\"elementor-element elementor-element-a660575 e-con-full e-flex e-con e-child\" data-id=\"a660575\" data-element_type=\"container\" data-e-type=\"container\">\n\t\t\t\t<div class=\"elementor-element elementor-element-5af52d8 elementor-widget elementor-widget-text-editor\" data-id=\"5af52d8\" data-element_type=\"widget\" data-e-type=\"widget\" data-widget_type=\"text-editor.default\">\n\t\t\t\t<div class=\"elementor-widget-container\">\n\t\t\t\t\t\t\t\t\t<ul><li data-start=\"1869\" data-end=\"1991\"><p data-start=\"1871\" data-end=\"1991\"><strong data-start=\"1871\" data-end=\"1897\">Flexible Tourenformate<\/strong>: H\u00fcttendurchquerung, St\u00fctzpunkt-Variante oder komfortabler Ausgangspunkt auf der Bielerh\u00f6he<\/p><\/li><li data-start=\"1992\" data-end=\"2117\"><p data-start=\"1994\" data-end=\"2117\"><strong data-start=\"1994\" data-end=\"2014\">Alpiner Anspruch<\/strong>: Viele Touren mit kurzen, spannenden Kletterstellen oder ausgesetzten Graten \u2013 echtes Skibergsteigen<\/p><\/li><li data-start=\"2118\" data-end=\"2218\"><p data-start=\"2120\" data-end=\"2218\"><strong data-start=\"2120\" data-end=\"2137\">Optimale Lage<\/strong>: Gletscher und H\u00f6henlage sorgen f\u00fcr lange Saison mit guten Schneeverh\u00e4ltnissen<\/p><\/li><li data-start=\"2219\" data-end=\"2350\"><p data-start=\"2221\" data-end=\"2350\"><strong data-start=\"2221\" data-end=\"2247\">Erfahrung &amp; Sicherheit<\/strong>: Unsere Guides kennen die Region in- und auswendig \u2013 das bedeutet Tourenwahl mit Fingerspitzengef\u00fchl<\/p><\/li><li data-start=\"2351\" data-end=\"2479\"><p data-start=\"2353\" data-end=\"2479\"><strong data-start=\"2353\" data-end=\"2376\">Naturschauspiel pur<\/strong>: Endlose Firnh\u00e4nge, staubender Pulver, Sonnenuntergang \u00fcber dem Gletscher \u2013 Silvretta-Momente bleiben<\/p><\/li><\/ul>\t\t\t\t\t\t\t\t<\/div>\n\t\t\t\t<\/div>\n\t\t\t\t<\/div>\n\t\t\t\t\t<\/details>\n\t\t\t\t\t<\/div>\n\t\t\t\t\t\t<\/div>\n\t\t\t\t<\/div>\n\t\t\t\t<\/div>\n\t\t<div class=\"elementor-element elementor-element-d7a5a1e e-con-full e-flex e-con e-child\" data-id=\"d7a5a1e\" data-element_type=\"container\" data-e-type=\"container\">\n\t\t\t\t<div class=\"elementor-element elementor-element-1d9a71c elementor-widget-mobile__width-inherit elementor-widget elementor-widget-image\" data-id=\"1d9a71c\" data-element_type=\"widget\" data-e-type=\"widget\" data-widget_type=\"image.default\">\n\t\t\t\t<div class=\"elementor-widget-container\">\n\t\t\t\t\t\t\t\t\t\t\t\t\t\t\t<img loading=\"lazy\" decoding=\"async\" width=\"1920\" height=\"1280\" src=\"https:\/\/peakx.at\/wp-content\/uploads\/2025\/07\/Bilder-PEAKS_Wiesbadener-Huette.jpg\" class=\"attachment-full size-full wp-image-1830\" alt=\"Wiesbadener H\u00fctte\" srcset=\"https:\/\/peakx.at\/wp-content\/uploads\/2025\/07\/Bilder-PEAKS_Wiesbadener-Huette.jpg 1920w, https:\/\/peakx.at\/wp-content\/uploads\/2025\/07\/Bilder-PEAKS_Wiesbadener-Huette-300x200.jpg 300w, https:\/\/peakx.at\/wp-content\/uploads\/2025\/07\/Bilder-PEAKS_Wiesbadener-Huette-1024x683.jpg 1024w, https:\/\/peakx.at\/wp-content\/uploads\/2025\/07\/Bilder-PEAKS_Wiesbadener-Huette-768x512.jpg 768w, https:\/\/peakx.at\/wp-content\/uploads\/2025\/07\/Bilder-PEAKS_Wiesbadener-Huette-1536x1024.jpg 1536w\" sizes=\"auto, (max-width: 1920px) 100vw, 1920px\" \/>\t\t\t\t\t\t\t\t\t\t\t\t\t\t\t<\/div>\n\t\t\t\t<\/div>\n\t\t\t\t<\/div>\n\t\t\t\t\t<\/div>\n\t\t\t\t<\/div>\n\t\t<div class=\"elementor-element elementor-element-3f1aeaa e-flex e-con-boxed e-con e-parent\" data-id=\"3f1aeaa\" data-element_type=\"container\" data-e-type=\"container\" data-settings=\"{&quot;background_background&quot;:&quot;classic&quot;}\">\n\t\t\t\t\t<div class=\"e-con-inner\">\n\t\t<div class=\"elementor-element elementor-element-720ee52 e-con-full e-flex e-con e-child\" data-id=\"720ee52\" data-element_type=\"container\" data-e-type=\"container\">\n\t\t\t\t<div class=\"elementor-element elementor-element-a829af2 elementor-widget-mobile__width-inherit elementor-widget elementor-widget-image\" data-id=\"a829af2\" data-element_type=\"widget\" data-e-type=\"widget\" data-widget_type=\"image.default\">\n\t\t\t\t<div class=\"elementor-widget-container\">\n\t\t\t\t\t\t\t\t\t\t\t\t\t\t\t<img loading=\"lazy\" decoding=\"async\" width=\"1920\" height=\"1280\" src=\"https:\/\/peakx.at\/wp-content\/uploads\/2025\/07\/Bilder-PEAKS_Silvretta-Panorama.jpg\" class=\"attachment-full size-full wp-image-1831\" alt=\"Gletscher Panorama Silvretta\" srcset=\"https:\/\/peakx.at\/wp-content\/uploads\/2025\/07\/Bilder-PEAKS_Silvretta-Panorama.jpg 1920w, https:\/\/peakx.at\/wp-content\/uploads\/2025\/07\/Bilder-PEAKS_Silvretta-Panorama-300x200.jpg 300w, https:\/\/peakx.at\/wp-content\/uploads\/2025\/07\/Bilder-PEAKS_Silvretta-Panorama-1024x683.jpg 1024w, https:\/\/peakx.at\/wp-content\/uploads\/2025\/07\/Bilder-PEAKS_Silvretta-Panorama-768x512.jpg 768w, https:\/\/peakx.at\/wp-content\/uploads\/2025\/07\/Bilder-PEAKS_Silvretta-Panorama-1536x1024.jpg 1536w\" sizes=\"auto, (max-width: 1920px) 100vw, 1920px\" \/>\t\t\t\t\t\t\t\t\t\t\t\t\t\t\t<\/div>\n\t\t\t\t<\/div>\n\t\t\t\t<\/div>\n\t\t<div class=\"elementor-element elementor-element-73af49b e-con-full e-flex e-con e-child\" data-id=\"73af49b\" data-element_type=\"container\" data-e-type=\"container\">\n\t\t\t\t<div class=\"elementor-element elementor-element-4350ee1 elementor-widget elementor-widget-heading\" data-id=\"4350ee1\" data-element_type=\"widget\" data-e-type=\"widget\" data-widget_type=\"heading.default\">\n\t\t\t\t<div class=\"elementor-widget-container\">\n\t\t\t\t\t<h2 class=\"elementor-heading-title elementor-size-default\">Gletscherberge mit Charakter<\/h2>\t\t\t\t<\/div>\n\t\t\t\t<\/div>\n\t\t\t\t<div class=\"elementor-element elementor-element-b3271d0 elementor-widget elementor-widget-text-editor\" data-id=\"b3271d0\" data-element_type=\"widget\" data-e-type=\"widget\" data-widget_type=\"text-editor.default\">\n\t\t\t\t<div class=\"elementor-widget-container\">\n\t\t\t\t\t\t\t\t\t<p data-start=\"1234\" data-end=\"1551\">Die Touren der Silvretta sind gepr\u00e4gt von langen Aufstiegen \u00fcber weite Gletscherfl\u00e4chen, oft gefolgt von einem felsigen, anspruchsvollen Gipfelfinale. Hier sind nicht nur Ausdauer und Technik gefragt, sondern auch alpine Erfahrung \u2013 ideal f\u00fcr Skibergsteiger, die mehr suchen als nur einen guten Schwung im Pulver.<\/p><p data-start=\"1553\" data-end=\"1824\">Gipfel wie der Piz Buin, die Dreil\u00e4nderspitze, die Schneeglocke oder die Vermuntspitze sind klingende Namen in der Skitourenszene \u2013 und lohnen sich nicht nur wegen der Aussicht, sondern auch wegen der stilvollen Linien in einem einzigartigen Gebirgskessel.<\/p>\t\t\t\t\t\t\t\t<\/div>\n\t\t\t\t<\/div>\n\t\t\t\t<div class=\"elementor-element elementor-element-b3eb986 elementor-widget elementor-widget-button\" data-id=\"b3eb986\" data-element_type=\"widget\" data-e-type=\"widget\" data-widget_type=\"button.default\">\n\t\t\t\t<div class=\"elementor-widget-container\">\n\t\t\t\t\t\t\t\t\t<div class=\"elementor-button-wrapper\">\n\t\t\t\t\t<a class=\"elementor-button elementor-button-link elementor-size-sm elementor-animation-grow\" href=\"\/kontakt\">\n\t\t\t\t\t\t<span class=\"elementor-button-content-wrapper\">\n\t\t\t\t\t\t<span class=\"elementor-button-icon\">\n\t\t\t\t<i aria-hidden=\"true\" class=\"icon icon-right-arrow\"><\/i>\t\t\t<\/span>\n\t\t\t\t\t\t\t\t\t<span class=\"elementor-button-text\">Jetzt anfragen<\/span>\n\t\t\t\t\t<\/span>\n\t\t\t\t\t<\/a>\n\t\t\t\t<\/div>\n\t\t\t\t\t\t\t\t<\/div>\n\t\t\t\t<\/div>\n\t\t\t\t<\/div>\n\t\t\t\t\t<\/div>\n\t\t\t\t<\/div>\n\t\t<div class=\"elementor-element elementor-element-01c40e2 e-flex e-con-boxed e-con e-parent\" data-id=\"01c40e2\" data-element_type=\"container\" data-e-type=\"container\">\n\t\t\t\t\t<div class=\"e-con-inner\">\n\t\t\t\t<div class=\"elementor-element elementor-element-9d014ef elementor-grid-3 elementor-grid-tablet-2 elementor-grid-mobile-1 elementor-widget elementor-widget-loop-grid\" data-id=\"9d014ef\" data-element_type=\"widget\" data-e-type=\"widget\" data-settings=\"{&quot;template_id&quot;:&quot;965&quot;,&quot;_skin&quot;:&quot;post&quot;,&quot;columns&quot;:&quot;3&quot;,&quot;columns_tablet&quot;:&quot;2&quot;,&quot;columns_mobile&quot;:&quot;1&quot;,&quot;edit_handle_selector&quot;:&quot;[data-elementor-type=\\&quot;loop-item\\&quot;]&quot;,&quot;row_gap&quot;:{&quot;unit&quot;:&quot;px&quot;,&quot;size&quot;:&quot;&quot;,&quot;sizes&quot;:[]},&quot;row_gap_tablet&quot;:{&quot;unit&quot;:&quot;px&quot;,&quot;size&quot;:&quot;&quot;,&quot;sizes&quot;:[]},&quot;row_gap_mobile&quot;:{&quot;unit&quot;:&quot;px&quot;,&quot;size&quot;:&quot;&quot;,&quot;sizes&quot;:[]}}\" data-widget_type=\"loop-grid.post\">\n\t\t\t\t<div class=\"elementor-widget-container\">\n\t\t\t\t\t\t\t<div class=\"e-loop-nothing-found-message\">\n\t\t<\/div>\n\t\t\t\t\t\t<\/div>\n\t\t\t\t<\/div>\n\t\t\t\t\t<\/div>\n\t\t\t\t<\/div>\n\t\t<div class=\"elementor-element elementor-element-495ba77 e-flex e-con-boxed e-con e-parent\" data-id=\"495ba77\" data-element_type=\"container\" data-e-type=\"container\">\n\t\t\t\t\t<div class=\"e-con-inner\">\n\t\t\t\t<div class=\"elementor-element elementor-element-b33aec7 elementor-widget elementor-widget-template\" data-id=\"b33aec7\" data-element_type=\"widget\" data-e-type=\"widget\" data-widget_type=\"template.default\">\n\t\t\t\t<div class=\"elementor-widget-container\">\n\t\t\t\t\t\t\t<div class=\"elementor-template\">\n\t\t\t\t\t<div data-elementor-type=\"container\" data-elementor-id=\"1693\" class=\"elementor elementor-1693\" data-elementor-post-type=\"elementor_library\">\n\t\t\t\t<div class=\"elementor-element elementor-element-2aaee532 e-flex e-con-boxed e-con e-parent\" data-id=\"2aaee532\" data-element_type=\"container\" data-e-type=\"container\">\n\t\t\t\t\t<div class=\"e-con-inner\">\n\t\t<div class=\"elementor-element elementor-element-36fcb04f e-con-full e-flex e-con e-child\" data-id=\"36fcb04f\" data-element_type=\"container\" data-e-type=\"container\" data-settings=\"{&quot;background_background&quot;:&quot;classic&quot;}\">\n\t\t<div class=\"elementor-element elementor-element-2dbdcf9d e-con-full e-flex e-con e-child\" data-id=\"2dbdcf9d\" data-element_type=\"container\" data-e-type=\"container\">\n\t\t<div class=\"elementor-element elementor-element-74937152 e-con-full e-flex e-con e-child\" data-id=\"74937152\" data-element_type=\"container\" data-e-type=\"container\">\n\t\t\t\t<div class=\"elementor-element elementor-element-2ab62dc3 elementor-widget__width-initial elementor-widget elementor-widget-heading\" data-id=\"2ab62dc3\" data-element_type=\"widget\" data-e-type=\"widget\" data-widget_type=\"heading.default\">\n\t\t\t\t<div class=\"elementor-widget-container\">\n\t\t\t\t\t<h2 class=\"elementor-heading-title elementor-size-default\">Dein Abenteuer wartet!<\/h2>\t\t\t\t<\/div>\n\t\t\t\t<\/div>\n\t\t\t\t<div class=\"elementor-element elementor-element-9cf9e2 elementor-widget__width-initial elementor-widget elementor-widget-text-editor\" data-id=\"9cf9e2\" data-element_type=\"widget\" data-e-type=\"widget\" data-widget_type=\"text-editor.default\">\n\t\t\t\t<div class=\"elementor-widget-container\">\n\t\t\t\t\t\t\t\t\t<p>Mach das beste aus deiner Zeit am Berg! Vielleicht hast du schon eine Traumtour im Blick oder m\u00f6chtest deine ersten Schritte im verschneiten Backcountry wagen? Kontaktiere uns und lass dich beraten!<\/p>\t\t\t\t\t\t\t\t<\/div>\n\t\t\t\t<\/div>\n\t\t\t\t<div class=\"elementor-element elementor-element-63ec3f1c elementor-align-start elementor-icon-list--layout-traditional elementor-list-item-link-full_width elementor-widget elementor-widget-icon-list\" data-id=\"63ec3f1c\" data-element_type=\"widget\" data-e-type=\"widget\" data-widget_type=\"icon-list.default\">\n\t\t\t\t<div class=\"elementor-widget-container\">\n\t\t\t\t\t\t\t<ul class=\"elementor-icon-list-items\">\n\t\t\t\t\t\t\t<li class=\"elementor-icon-list-item\">\n\t\t\t\t\t\t\t\t\t\t\t<a href=\"mailto:hello@peakx.at?subject=Anfrage\">\n\n\t\t\t\t\t\t\t\t\t\t\t\t<span class=\"elementor-icon-list-icon\">\n\t\t\t\t\t\t\t<i aria-hidden=\"true\" class=\"icon icon-envelope3\"><\/i>\t\t\t\t\t\t<\/span>\n\t\t\t\t\t\t\t\t\t\t<span class=\"elementor-icon-list-text\">hello@peakx.at<\/span>\n\t\t\t\t\t\t\t\t\t\t\t<\/a>\n\t\t\t\t\t\t\t\t\t<\/li>\n\t\t\t\t\t\t\t\t<li class=\"elementor-icon-list-item\">\n\t\t\t\t\t\t\t\t\t\t\t<a href=\"tel:+436607404492\">\n\n\t\t\t\t\t\t\t\t\t\t\t\t<span class=\"elementor-icon-list-icon\">\n\t\t\t\t\t\t\t<i aria-hidden=\"true\" class=\"icon icon-phone-handset\"><\/i>\t\t\t\t\t\t<\/span>\n\t\t\t\t\t\t\t\t\t\t<span class=\"elementor-icon-list-text\">+43 660 7404492<\/span>\n\t\t\t\t\t\t\t\t\t\t\t<\/a>\n\t\t\t\t\t\t\t\t\t<\/li>\n\t\t\t\t\t\t<\/ul>\n\t\t\t\t\t\t<\/div>\n\t\t\t\t<\/div>\n\t\t\t\t<div class=\"elementor-element elementor-element-3fddd3c0 elementor-align-right elementor-mobile-align-left elementor-widget elementor-widget-button\" data-id=\"3fddd3c0\" data-element_type=\"widget\" data-e-type=\"widget\" data-widget_type=\"button.default\">\n\t\t\t\t<div class=\"elementor-widget-container\">\n\t\t\t\t\t\t\t\t\t<div class=\"elementor-button-wrapper\">\n\t\t\t\t\t<a class=\"elementor-button elementor-button-link elementor-size-sm elementor-animation-grow\" href=\"\/kontak\">\n\t\t\t\t\t\t<span class=\"elementor-button-content-wrapper\">\n\t\t\t\t\t\t<span class=\"elementor-button-icon\">\n\t\t\t\t<i aria-hidden=\"true\" class=\"icon icon-right-arrow\"><\/i>\t\t\t<\/span>\n\t\t\t\t\t\t\t\t\t<span class=\"elementor-button-text\">unverbindlich anfragen<\/span>\n\t\t\t\t\t<\/span>\n\t\t\t\t\t<\/a>\n\t\t\t\t<\/div>\n\t\t\t\t\t\t\t\t<\/div>\n\t\t\t\t<\/div>\n\t\t\t\t<\/div>\n\t\t\t\t<\/div>\n\t\t\t\t<\/div>\n\t\t\t\t\t<\/div>\n\t\t\t\t<\/div>\n\t\t\t\t<\/div>\n\t\t\t\t<\/div>\n\t\t\t\t\t\t<\/div>\n\t\t\t\t<\/div>\n\t\t\t\t\t<\/div>\n\t\t\t\t<\/div>\n\t\t\t\t<\/div>\n\t\t","protected":false},"excerpt":{"rendered":"<p>Silvretta \u2013 Skitourenklassiker im Herzen der Ostalpen M\u00e4chtige Gletscher, markante Gipfel, stille Kare \u2013 die Silvretta gilt seit Jahrzehnten als eines der sch\u00f6nsten und traditionsreichsten Skitourengebiete der Alpen. Eingebettet im Dreil\u00e4ndereck Tirol \u2013 Vorarlberg \u2013 Schweiz bietet sie eine einzigartige Mischung aus hochalpinem Flair, grandioser Landschaft und perfekter Erreichbarkeit. Ein Gebiet \u2013 viele M\u00f6glichkeiten Ob [&hellip;]<\/p>\n","protected":false},"author":1,"featured_media":1829,"parent":0,"menu_order":0,"comment_status":"closed","ping_status":"closed","template":"","meta":{"_acf_changed":false,"footnotes":""},"class_list":["post-1820","page","type-page","status-publish","has-post-thumbnail","hentry"],"acf":[],"aioseo_notices":[],"_links":{"self":[{"href":"https:\/\/peakx.at\/fr\/wp-json\/wp\/v2\/pages\/1820","targetHints":{"allow":["GET"]}}],"collection":[{"href":"https:\/\/peakx.at\/fr\/wp-json\/wp\/v2\/pages"}],"about":[{"href":"https:\/\/peakx.at\/fr\/wp-json\/wp\/v2\/types\/page"}],"author":[{"embeddable":true,"href":"https:\/\/peakx.at\/fr\/wp-json\/wp\/v2\/users\/1"}],"replies":[{"embeddable":true,"href":"https:\/\/peakx.at\/fr\/wp-json\/wp\/v2\/comments?post=1820"}],"version-history":[{"count":25,"href":"https:\/\/peakx.at\/fr\/wp-json\/wp\/v2\/pages\/1820\/revisions"}],"predecessor-version":[{"id":3672,"href":"https:\/\/peakx.at\/fr\/wp-json\/wp\/v2\/pages\/1820\/revisions\/3672"}],"wp:featuredmedia":[{"embeddable":true,"href":"https:\/\/peakx.at\/fr\/wp-json\/wp\/v2\/media\/1829"}],"wp:attachment":[{"href":"https:\/\/peakx.at\/fr\/wp-json\/wp\/v2\/media?parent=1820"}],"curies":[{"name":"wp","href":"https:\/\/api.w.org\/{rel}","templated":true}]}}