{"id":4364,"date":"2026-05-12T12:46:21","date_gmt":"2026-05-12T10:46:21","guid":{"rendered":"https:\/\/peakx.at\/?page_id=4364"},"modified":"2026-05-12T13:12:58","modified_gmt":"2026-05-12T11:12:58","slug":"partner","status":"publish","type":"page","link":"https:\/\/peakx.at\/en\/partner\/","title":{"rendered":"Partner"},"content":{"rendered":"<div data-elementor-type=\"wp-page\" data-elementor-id=\"4364\" class=\"elementor elementor-4364\" data-elementor-post-type=\"page\">\n\t\t\t\t<div class=\"elementor-element elementor-element-ce2e78c e-flex e-con-boxed e-con e-parent\" data-id=\"ce2e78c\" data-element_type=\"container\" data-e-type=\"container\" data-settings=\"{&quot;background_background&quot;:&quot;classic&quot;}\">\n\t\t\t\t\t<div class=\"e-con-inner\">\n\t\t<div class=\"elementor-element elementor-element-755060c e-con-full peakx-glass e-flex e-con e-child\" data-id=\"755060c\" data-element_type=\"container\" data-e-type=\"container\" data-settings=\"{&quot;background_background&quot;:&quot;classic&quot;}\">\n\t\t<div class=\"elementor-element elementor-element-f915d48 e-con-full e-flex e-con e-child\" data-id=\"f915d48\" data-element_type=\"container\" data-e-type=\"container\">\n\t\t\t\t<\/div>\n\t\t\t\t<\/div>\n\t\t\t\t\t<\/div>\n\t\t\t\t<\/div>\n\t\t<div class=\"elementor-element elementor-element-652986e e-flex e-con-boxed e-con e-parent\" data-id=\"652986e\" data-element_type=\"container\" data-e-type=\"container\">\n\t\t\t\t\t<div class=\"e-con-inner\">\n\t\t\t\t<div class=\"elementor-element elementor-element-a172c6e elementor-widget__width-auto elementor-widget elementor-widget-shortcode\" data-id=\"a172c6e\" data-element_type=\"widget\" data-e-type=\"widget\" data-widget_type=\"shortcode.default\">\n\t\t\t\t<div class=\"elementor-widget-container\">\n\t\t\t\t\t\t\t<div class=\"elementor-shortcode\"><div class=\"aioseo-breadcrumbs\"><span class=\"aioseo-breadcrumb\">\n\t\t\t<a href=\"https:\/\/peakx.at\/en\" title=\"Home\">Home<\/a>\n\t\t<\/span><span class=\"aioseo-breadcrumb-separator\">\"<\/span><span class=\"aioseo-breadcrumb\">\n\t\t\tPartner\n\t\t<\/span><\/div><\/div>\n\t\t\t\t\t\t<\/div>\n\t\t\t\t<\/div>\n\t\t\t\t\t<\/div>\n\t\t\t\t<\/div>\n\t\t<div class=\"elementor-element elementor-element-5c33853 e-flex e-con-boxed e-con e-parent\" data-id=\"5c33853\" data-element_type=\"container\" data-e-type=\"container\">\n\t\t\t\t\t<div class=\"e-con-inner\">\n\t\t\t\t<div class=\"elementor-element elementor-element-b15fb99 elementor-widget elementor-widget-text-editor\" data-id=\"b15fb99\" data-element_type=\"widget\" data-e-type=\"widget\" data-widget_type=\"text-editor.default\">\n\t\t\t\t<div class=\"elementor-widget-container\">\n\t\t\t\t\t\t\t\t\t<h3>Starke Partnerschaften f\u00fcr den Erfolg<\/h3><p>Besonders am Berg muss man sich auf seine Partner verlassen k\u00f6nnen. Wie in einer Seilschaft z\u00e4hlen hier keine Kompromisse. PEAKX ist stolz darauf, eine vertrauensvolle Zusammenarbeit mit seinen Partner zu pflegen.<\/p><p><strong>M\u00f6chtest du auch Partner von PEAKX werden? Schreib mir eine E-Mail an <a href=\"mailto:alex@peakx.at\"><span style=\"text-decoration: underline;\">alex@peakx.at<\/span><\/a>.<\/strong><\/p>\t\t\t\t\t\t\t\t<\/div>\n\t\t\t\t<\/div>\n\t\t\t\t\t<\/div>\n\t\t\t\t<\/div>\n\t\t<div class=\"elementor-element elementor-element-e2dd409 e-grid e-con-boxed e-con e-parent\" data-id=\"e2dd409\" data-element_type=\"container\" data-e-type=\"container\">\n\t\t\t\t\t<div class=\"e-con-inner\">\n\t\t\t\t<div class=\"elementor-element elementor-element-14f639f elementor-widget elementor-widget-image\" data-id=\"14f639f\" data-element_type=\"widget\" data-e-type=\"widget\" data-widget_type=\"image.default\">\n\t\t\t\t<div class=\"elementor-widget-container\">\n\t\t\t\t\t\t\t\t\t\t\t\t\t\t\t\t<a href=\"https:\/\/www.salomon.com\/de-de\" target=\"_blank\">\n\t\t\t\t\t\t\t<img loading=\"lazy\" decoding=\"async\" width=\"300\" height=\"44\" src=\"https:\/\/peakx.at\/wp-content\/uploads\/2025\/07\/salomon-logo-black-new.png\" class=\"attachment-full size-full wp-image-2518\" alt=\"\" \/>\t\t\t\t\t\t\t\t<\/a>\n\t\t\t\t\t\t\t\t\t\t\t\t\t\t\t<\/div>\n\t\t\t\t<\/div>\n\t\t\t\t<div class=\"elementor-element elementor-element-115c7fa elementor-widget elementor-widget-text-editor\" data-id=\"115c7fa\" data-element_type=\"widget\" data-e-type=\"widget\" data-widget_type=\"text-editor.default\">\n\t\t\t\t<div class=\"elementor-widget-container\">\n\t\t\t\t\t\t\t\t\t<h3>SALOMON: Innovation aus dem Herzen der Alpen<\/h3><p>Seit der Gr\u00fcndung 1947 in Annecy steht <a href=\"https:\/\/www.salomon.com\/de-de\" target=\"_blank\" rel=\"noopener\"><span style=\"text-decoration: underline;\">Salomon<\/span><\/a> f\u00fcr die perfekte Verbindung von Tradition und technischer Revolution. Was als kleine Werkstatt begann, ist heute der weltweite Taktgeber f\u00fcr Outdoor-Performance.<\/p><p>Im Annecy Design Center entwickelt Salomon Ausr\u00fcstung, die den Sport und das Erlebnis am Berg nachhaltig verbessert. Unser Partner teilt dabei die Kernwerte, die auch PEAKX antreiben: Fantasie, Engagement und Simplizit\u00e4t.<\/p><p>Unser gemeinsames Ziel: Durch erstklassiges Equipment und die Kraft des Bergsports das Beste aus jedem Menschen herauszuholen. Mit Salomon an deiner Seite gibt es keine Ausreden mehr \u2013 nur noch den n\u00e4chsten Gipfel.<\/p>\t\t\t\t\t\t\t\t<\/div>\n\t\t\t\t<\/div>\n\t\t\t\t<div class=\"elementor-element elementor-element-ec531e6 elementor-widget elementor-widget-image\" data-id=\"ec531e6\" data-element_type=\"widget\" data-e-type=\"widget\" data-widget_type=\"image.default\">\n\t\t\t\t<div class=\"elementor-widget-container\">\n\t\t\t\t\t\t\t\t\t\t\t\t\t\t\t\t<a href=\"https:\/\/www.intersport-arlberg.com\/de\/\" target=\"_blank\">\n\t\t\t\t\t\t\t<img loading=\"lazy\" decoding=\"async\" width=\"380\" height=\"133\" src=\"https:\/\/peakx.at\/wp-content\/uploads\/2026\/05\/intersport-arlberg-logo.png\" class=\"attachment-full size-full wp-image-4385\" alt=\"\" srcset=\"https:\/\/peakx.at\/wp-content\/uploads\/2026\/05\/intersport-arlberg-logo.png 380w, https:\/\/peakx.at\/wp-content\/uploads\/2026\/05\/intersport-arlberg-logo-300x105.png 300w, https:\/\/peakx.at\/wp-content\/uploads\/2026\/05\/intersport-arlberg-logo-18x6.png 18w\" sizes=\"auto, (max-width: 380px) 100vw, 380px\" \/>\t\t\t\t\t\t\t\t<\/a>\n\t\t\t\t\t\t\t\t\t\t\t\t\t\t\t<\/div>\n\t\t\t\t<\/div>\n\t\t\t\t<div class=\"elementor-element elementor-element-82a4051 elementor-widget elementor-widget-text-editor\" data-id=\"82a4051\" data-element_type=\"widget\" data-e-type=\"widget\" data-widget_type=\"text-editor.default\">\n\t\t\t\t<div class=\"elementor-widget-container\">\n\t\t\t\t\t\t\t\t\t<h3>Intersport Arlberg: Dein Local Hero f\u00fcr High-End Equipment<\/h3><p>Mit \u00fcber 80 Jahren Erfahrung und 10 Standorten direkt am Arlberg ist Intersport Arlberg unser fester Anker f\u00fcr erstklassigen Service. Von High-End Freeride- und Tourenski bis hin zu modernem Lawinen-Equipment \u2013 hier bekommst du Material auf Profi-Niveau.<\/p><p>Whether <a href=\"https:\/\/www.intersport-arlberg.com\/de\/winter\/\" target=\"_blank\" rel=\"noopener\"><span style=\"text-decoration: underline;\">Skiverleih am Arlberg<\/span><\/a>, Depot oder Express-Service: Intersport Arlberg kombiniert lokale Expertise mit modernster Technik. Ein Partner, auf den wir uns verlassen k\u00f6nnen, damit du am Berg keine Kompromisse eingehen musst. Top-Ausr\u00fcstung f\u00fcr maximale Performance.<\/p>\t\t\t\t\t\t\t\t<\/div>\n\t\t\t\t<\/div>\n\t\t\t\t<div class=\"elementor-element elementor-element-af35991 elementor-widget elementor-widget-image\" data-id=\"af35991\" data-element_type=\"widget\" data-e-type=\"widget\" data-widget_type=\"image.default\">\n\t\t\t\t<div class=\"elementor-widget-container\">\n\t\t\t\t\t\t\t\t\t\t\t\t\t\t\t\t<a href=\"https:\/\/sonnblick-pitztal.net\/\" target=\"_blank\">\n\t\t\t\t\t\t\t<img loading=\"lazy\" decoding=\"async\" width=\"678\" height=\"384\" src=\"https:\/\/peakx.at\/wp-content\/uploads\/2026\/05\/Logo-ohne-Rahmen-rechteckig_ohne-Konturen_ohne-Text_2.png\" class=\"attachment-full size-full wp-image-4373\" alt=\"Logo Hotel Sonnblick im Pitztal\" srcset=\"https:\/\/peakx.at\/wp-content\/uploads\/2026\/05\/Logo-ohne-Rahmen-rechteckig_ohne-Konturen_ohne-Text_2.png 678w, https:\/\/peakx.at\/wp-content\/uploads\/2026\/05\/Logo-ohne-Rahmen-rechteckig_ohne-Konturen_ohne-Text_2-300x170.png 300w, https:\/\/peakx.at\/wp-content\/uploads\/2026\/05\/Logo-ohne-Rahmen-rechteckig_ohne-Konturen_ohne-Text_2-18x10.png 18w\" sizes=\"auto, (max-width: 678px) 100vw, 678px\" \/>\t\t\t\t\t\t\t\t<\/a>\n\t\t\t\t\t\t\t\t\t\t\t\t\t\t\t<\/div>\n\t\t\t\t<\/div>\n\t\t\t\t<div class=\"elementor-element elementor-element-5737bc5 elementor-widget elementor-widget-text-editor\" data-id=\"5737bc5\" data-element_type=\"widget\" data-e-type=\"widget\" data-widget_type=\"text-editor.default\">\n\t\t\t\t<div class=\"elementor-widget-container\">\n\t\t\t\t\t\t\t\t\t<h3>GenussHotel Sonnblick: Dein Basecamp am Dach Tirols<\/h3><p>Auf 1.616 m Seeh\u00f6he, direkt in St. Leonhard im Pitztal, ist das GenussHotel Sonnblick unser Partner f\u00fcr exklusiven R\u00fcckzug und alpine Regeneration. Hier trifft traditionelle Tiroler Gastfreundschaft auf modernen Komfort und gelebte Nachhaltigkeit.<\/p><p>Nur f\u00fcnf Minuten vom Pitztaler Gletscher entfernt, bietet das <a title=\"Hotel Sonnblick im Pitztal\" href=\"https:\/\/sonnblick-pitztal.net\/\" target=\"_blank\" rel=\"noopener\"><span style=\"text-decoration: underline;\">Hotel im Pitztal<\/span><\/a> die perfekte Balance f\u00fcr unsere Experiences:<\/p><ul><li><strong>Top-Lage:<\/strong> Idealer Ausgangspunkt f\u00fcr hochalpine Abenteuer.<\/li><li><strong>Echter Genuss:<\/strong> Regionale Kulinarik und Entspannung im alpinen Wellnessbereich.<\/li><li><strong>Verantwortung:<\/strong> Zertifiziert mit dem \u00d6sterreichischen Umweltzeichen.<\/li><\/ul><p>Abseits des Trubels ist das Sonnblick mehr als nur ein Hotel \u2013 es ist der Ort, an dem du nach einem Tag am Limit zur Ruhe kommst und neue Kraft f\u00fcr den n\u00e4chsten Gipfel tankst.<\/p>\t\t\t\t\t\t\t\t<\/div>\n\t\t\t\t<\/div>\n\t\t\t\t<div class=\"elementor-element elementor-element-e0c31f7 elementor-widget elementor-widget-image\" data-id=\"e0c31f7\" data-element_type=\"widget\" data-e-type=\"widget\" data-widget_type=\"image.default\">\n\t\t\t\t<div class=\"elementor-widget-container\">\n\t\t\t\t\t\t\t\t\t\t\t\t\t\t\t\t<a href=\"https:\/\/arcteryx.com\/at\/de\/\" target=\"_blank\">\n\t\t\t\t\t\t\t<img loading=\"lazy\" decoding=\"async\" width=\"400\" height=\"400\" src=\"https:\/\/peakx.at\/wp-content\/uploads\/2026\/05\/arcteryx-logo.webp\" class=\"attachment-full size-full wp-image-4381\" alt=\"Arcteryx Logo\" srcset=\"https:\/\/peakx.at\/wp-content\/uploads\/2026\/05\/arcteryx-logo.webp 400w, https:\/\/peakx.at\/wp-content\/uploads\/2026\/05\/arcteryx-logo-300x300.webp 300w, https:\/\/peakx.at\/wp-content\/uploads\/2026\/05\/arcteryx-logo-150x150.webp 150w, https:\/\/peakx.at\/wp-content\/uploads\/2026\/05\/arcteryx-logo-12x12.webp 12w\" sizes=\"auto, (max-width: 400px) 100vw, 400px\" \/>\t\t\t\t\t\t\t\t<\/a>\n\t\t\t\t\t\t\t\t\t\t\t\t\t\t\t<\/div>\n\t\t\t\t<\/div>\n\t\t\t\t<div class=\"elementor-element elementor-element-5a7ce98 elementor-widget elementor-widget-text-editor\" data-id=\"5a7ce98\" data-element_type=\"widget\" data-e-type=\"widget\" data-widget_type=\"text-editor.default\">\n\t\t\t\t<div class=\"elementor-widget-container\">\n\t\t\t\t\t\t\t\t\t<h3>Arc&#8217;teryx: Pr\u00e4zision aus den Coast Mountains<\/h3><p>In der Wildnis Kanadas geboren, steht Arc&#8217;teryx f\u00fcr kompromisslose Performance und minimalistisches Design. Als Partner f\u00fcr unsere anspruchsvollsten Experiences liefert die Marke technisches Equipment, das durch radikale Innovation und h\u00f6chste handwerkliche Pr\u00e4zision besticht.<\/p><p>Ihr Fokus auf Langlebigkeit und Funktionalit\u00e4t unter extremsten Bedingungen macht <a href=\"https:\/\/arcteryx.com\/at\/de\/\" target=\"_blank\" rel=\"noopener\"><span style=\"text-decoration: underline;\">Arc&#8217;teryx<\/span><\/a> zur ersten Wahl f\u00fcr alle, die sich bei PEAKX auf ihr Material blind verlassen m\u00fcssen. Design, das bleibt. Schutz, der h\u00e4lt.<\/p>\t\t\t\t\t\t\t\t<\/div>\n\t\t\t\t<\/div>\n\t\t\t\t\t<\/div>\n\t\t\t\t<\/div>\n\t\t\t\t<\/div>","protected":false},"excerpt":{"rendered":"<p>Starke Partnerschaften f\u00fcr den Erfolg Besonders am Berg muss man sich auf seine Partner verlassen k\u00f6nnen. Wie in einer Seilschaft z\u00e4hlen hier keine Kompromisse. PEAKX ist stolz darauf, eine vertrauensvolle Zusammenarbeit mit seinen Partner zu pflegen. M\u00f6chtest du auch Partner von PEAKX werden? Schreib mir eine E-Mail an alex@peakx.at. SALOMON: Innovation aus dem Herzen der [&hellip;]<\/p>\n","protected":false},"author":1,"featured_media":3804,"parent":0,"menu_order":0,"comment_status":"closed","ping_status":"closed","template":"elementor_header_footer","meta":{"_acf_changed":false,"footnotes":""},"class_list":["post-4364","page","type-page","status-publish","has-post-thumbnail","hentry"],"acf":[],"aioseo_notices":[],"_links":{"self":[{"href":"https:\/\/peakx.at\/en\/wp-json\/wp\/v2\/pages\/4364","targetHints":{"allow":["GET"]}}],"collection":[{"href":"https:\/\/peakx.at\/en\/wp-json\/wp\/v2\/pages"}],"about":[{"href":"https:\/\/peakx.at\/en\/wp-json\/wp\/v2\/types\/page"}],"author":[{"embeddable":true,"href":"https:\/\/peakx.at\/en\/wp-json\/wp\/v2\/users\/1"}],"replies":[{"embeddable":true,"href":"https:\/\/peakx.at\/en\/wp-json\/wp\/v2\/comments?post=4364"}],"version-history":[{"count":19,"href":"https:\/\/peakx.at\/en\/wp-json\/wp\/v2\/pages\/4364\/revisions"}],"predecessor-version":[{"id":4388,"href":"https:\/\/peakx.at\/en\/wp-json\/wp\/v2\/pages\/4364\/revisions\/4388"}],"wp:featuredmedia":[{"embeddable":true,"href":"https:\/\/peakx.at\/en\/wp-json\/wp\/v2\/media\/3804"}],"wp:attachment":[{"href":"https:\/\/peakx.at\/en\/wp-json\/wp\/v2\/media?parent=4364"}],"curies":[{"name":"wp","href":"https:\/\/api.w.org\/{rel}","templated":true}]}}