{"id":2329,"date":"2025-07-23T11:00:26","date_gmt":"2025-07-23T09:00:26","guid":{"rendered":"https:\/\/peakx.at\/?page_id=2329"},"modified":"2025-10-16T10:52:08","modified_gmt":"2025-10-16T08:52:08","slug":"blog","status":"publish","type":"page","link":"https:\/\/peakx.at\/en\/blog\/","title":{"rendered":"Blog"},"content":{"rendered":"<div data-elementor-type=\"wp-page\" data-elementor-id=\"2329\" class=\"elementor elementor-2329\" data-elementor-post-type=\"page\">\n\t\t\t\t<div class=\"elementor-element elementor-element-9d9d2a3 e-flex e-con-boxed e-con e-parent\" data-id=\"9d9d2a3\" data-element_type=\"container\" data-e-type=\"container\" data-settings=\"{&quot;background_background&quot;:&quot;classic&quot;}\">\n\t\t\t\t\t<div class=\"e-con-inner\">\n\t\t<div class=\"elementor-element elementor-element-72628e6 e-con-full e-flex e-con e-child\" data-id=\"72628e6\" data-element_type=\"container\" data-e-type=\"container\" data-settings=\"{&quot;background_background&quot;:&quot;classic&quot;}\">\n\t\t<div class=\"elementor-element elementor-element-14ef73f e-con-full e-flex e-con e-child\" data-id=\"14ef73f\" data-element_type=\"container\" data-e-type=\"container\">\n\t\t\t\t<\/div>\n\t\t\t\t<\/div>\n\t\t\t\t\t<\/div>\n\t\t\t\t<\/div>\n\t\t<div class=\"elementor-element elementor-element-f8779dd e-flex e-con-boxed e-con e-parent\" data-id=\"f8779dd\" data-element_type=\"container\" data-e-type=\"container\">\n\t\t\t\t\t<div class=\"e-con-inner\">\n\t\t\t\t<div class=\"elementor-element elementor-element-5d8a27e elementor-widget__width-auto elementor-widget elementor-widget-shortcode\" data-id=\"5d8a27e\" data-element_type=\"widget\" data-e-type=\"widget\" data-widget_type=\"shortcode.default\">\n\t\t\t\t<div class=\"elementor-widget-container\">\n\t\t\t\t\t\t\t<div class=\"elementor-shortcode\"><div class=\"aioseo-breadcrumbs\"><span class=\"aioseo-breadcrumb\">\n\t\t\t<a href=\"https:\/\/peakx.at\/en\" title=\"Home\">Home<\/a>\n\t\t<\/span><span class=\"aioseo-breadcrumb-separator\">\"<\/span><span class=\"aioseo-breadcrumb\">\n\t\t\tBlog\n\t\t<\/span><\/div><\/div>\n\t\t\t\t\t\t<\/div>\n\t\t\t\t<\/div>\n\t\t\t\t\t<\/div>\n\t\t\t\t<\/div>\n\t\t<div class=\"elementor-element elementor-element-8163992 e-flex e-con-boxed e-con e-parent\" data-id=\"8163992\" data-element_type=\"container\" data-e-type=\"container\" data-settings=\"{&quot;background_background&quot;:&quot;classic&quot;}\">\n\t\t\t\t\t<div class=\"e-con-inner\">\n\t\t<div class=\"elementor-element elementor-element-8b36eb5 e-con-full e-flex e-con e-child\" data-id=\"8b36eb5\" data-element_type=\"container\" data-e-type=\"container\">\n\t\t\t\t<div class=\"elementor-element elementor-element-df8091a elementor-widget elementor-widget-heading\" data-id=\"df8091a\" data-element_type=\"widget\" data-e-type=\"widget\" data-widget_type=\"heading.default\">\n\t\t\t\t<div class=\"elementor-widget-container\">\n\t\t\t\t\t<h3 class=\"elementor-heading-title elementor-size-default\">PEAKX #Blog - Your update from the mountains<\/h3>\t\t\t\t<\/div>\n\t\t\t\t<\/div>\n\t\t\t\t<div class=\"elementor-element elementor-element-82c377a elementor-widget elementor-widget-text-editor\" data-id=\"82c377a\" data-element_type=\"widget\" data-e-type=\"widget\" data-widget_type=\"text-editor.default\">\n\t\t\t\t<div class=\"elementor-widget-container\">\n\t\t\t\t\t\t\t\t\t<p class=\"translation-block\">Welcome to the PEAKX blog - here you will find exciting travel reports, inspiring new destinations, practical equipment tips and current news about PEAKX experiences.<\/p><p>Whether it's a ski tour, freeride adventure or exclusive camp insights - it's all about the mountains here!<\/p>\t\t\t\t\t\t\t\t<\/div>\n\t\t\t\t<\/div>\n\t\t\t\t<\/div>\n\t\t\t\t\t<\/div>\n\t\t\t\t<\/div>\n\t\t<div class=\"elementor-element elementor-element-1f8eede e-flex e-con-boxed e-con e-parent\" data-id=\"1f8eede\" data-element_type=\"container\" data-e-type=\"container\">\n\t\t\t\t\t<div class=\"e-con-inner\">\n\t\t\t\t<div class=\"elementor-element elementor-element-c7d3295 elementor-grid-3 elementor-grid-tablet-2 elementor-grid-mobile-1 elementor-posts--thumbnail-top elementor-widget elementor-widget-posts\" data-id=\"c7d3295\" data-element_type=\"widget\" data-e-type=\"widget\" data-settings=\"{&quot;pagination_type&quot;:&quot;prev_next&quot;,&quot;classic_columns&quot;:&quot;3&quot;,&quot;classic_columns_tablet&quot;:&quot;2&quot;,&quot;classic_columns_mobile&quot;:&quot;1&quot;,&quot;classic_row_gap&quot;:{&quot;unit&quot;:&quot;px&quot;,&quot;size&quot;:35,&quot;sizes&quot;:[]},&quot;classic_row_gap_tablet&quot;:{&quot;unit&quot;:&quot;px&quot;,&quot;size&quot;:&quot;&quot;,&quot;sizes&quot;:[]},&quot;classic_row_gap_mobile&quot;:{&quot;unit&quot;:&quot;px&quot;,&quot;size&quot;:&quot;&quot;,&quot;sizes&quot;:[]}}\" data-widget_type=\"posts.classic\">\n\t\t\t\t<div class=\"elementor-widget-container\">\n\t\t\t\t\t\t\t<div class=\"elementor-posts-container elementor-posts elementor-posts--skin-classic elementor-grid\" role=\"list\">\n\t\t\t\t<article class=\"elementor-post elementor-grid-item post-3511 post type-post status-publish format-standard has-post-thumbnail hentry category-blog tag-planung tag-skitour\" role=\"listitem\">\n\t\t\t\t<a class=\"elementor-post__thumbnail__link\" href=\"https:\/\/peakx.at\/en\/planung-ist-die-halbe-miete-meine-top-5-funktionen-bei-outdooractive\/\" tabindex=\"-1\" >\n\t\t\t<div class=\"elementor-post__thumbnail\"><img loading=\"lazy\" decoding=\"async\" width=\"1920\" height=\"1280\" src=\"https:\/\/peakx.at\/wp-content\/uploads\/2026\/02\/hero-image-outdooractive-blog.jpg\" class=\"attachment-full size-full wp-image-3534\" alt=\"Outdooractive Blog\" srcset=\"https:\/\/peakx.at\/wp-content\/uploads\/2026\/02\/hero-image-outdooractive-blog.jpg 1920w, https:\/\/peakx.at\/wp-content\/uploads\/2026\/02\/hero-image-outdooractive-blog-300x200.jpg 300w, https:\/\/peakx.at\/wp-content\/uploads\/2026\/02\/hero-image-outdooractive-blog-1024x683.jpg 1024w, https:\/\/peakx.at\/wp-content\/uploads\/2026\/02\/hero-image-outdooractive-blog-768x512.jpg 768w, https:\/\/peakx.at\/wp-content\/uploads\/2026\/02\/hero-image-outdooractive-blog-1536x1024.jpg 1536w, https:\/\/peakx.at\/wp-content\/uploads\/2026\/02\/hero-image-outdooractive-blog-18x12.jpg 18w\" sizes=\"auto, (max-width: 1920px) 100vw, 1920px\" \/><\/div>\n\t\t<\/a>\n\t\t\t\t<div class=\"elementor-post__text\">\n\t\t\t\t<h3 class=\"elementor-post__title\">\n\t\t\t<a href=\"https:\/\/peakx.at\/en\/planung-ist-die-halbe-miete-meine-top-5-funktionen-bei-outdooractive\/\" >\n\t\t\t\tPlanung ist die halbe Miete: Meine Top 5-Funktionen bei Outdooractive\t\t\t<\/a>\n\t\t<\/h3>\n\t\t\t\t<div class=\"elementor-post__meta-data\">\n\t\t\t\t\t<span class=\"elementor-post-author\">\n\t\t\tAlexander Kunert\t\t<\/span>\n\t\t\t\t<span class=\"elementor-post-date\">\n\t\t\t12. February 2026\t\t<\/span>\n\t\t\t\t<\/div>\n\t\t\t\t<div class=\"elementor-post__excerpt\">\n\t\t\t<p>Wer mich kennt, wei\u00df: In den Bergen \u00fcberlasse ich wenig dem Zufall. Als staatlich gepr\u00fcfter Skif\u00fchrer ist eine akribische Vorbereitung das Fundament f\u00fcr Sicherheit und maximalen Spa\u00df im Powder. Mein wichtigstes Werkzeug dabei? Outdooractive.<\/p>\n\t\t<\/div>\n\t\t\t\t\t<div class=\"elementor-post__read-more-wrapper\">\n\t\t\n\t\t<a class=\"elementor-post__read-more\" href=\"https:\/\/peakx.at\/en\/planung-ist-die-halbe-miete-meine-top-5-funktionen-bei-outdooractive\/\" aria-label=\"Read more about Planung ist die halbe Miete: Meine Top 5-Funktionen bei Outdooractive\" tabindex=\"-1\" >\n\t\t\tRead more \"\t\t<\/a>\n\n\t\t\t\t\t<\/div>\n\t\t\t\t<\/div>\n\t\t\t\t<\/article>\n\t\t\t\t<article class=\"elementor-post elementor-grid-item post-2488 post type-post status-publish format-standard has-post-thumbnail hentry category-blog tag-skihochtour tag-skitour\" role=\"listitem\">\n\t\t\t\t<a class=\"elementor-post__thumbnail__link\" href=\"https:\/\/peakx.at\/en\/mehrtaegige-skitouren-oesterreich\/\" tabindex=\"-1\" >\n\t\t\t<div class=\"elementor-post__thumbnail\"><img loading=\"lazy\" decoding=\"async\" width=\"1920\" height=\"1280\" src=\"https:\/\/peakx.at\/wp-content\/uploads\/2025\/07\/skitouren_vernagthuette_web2.webp\" class=\"attachment-full size-full wp-image-1374\" alt=\"Skitouren gef\u00fchrt\" srcset=\"https:\/\/peakx.at\/wp-content\/uploads\/2025\/07\/skitouren_vernagthuette_web2.webp 1920w, https:\/\/peakx.at\/wp-content\/uploads\/2025\/07\/skitouren_vernagthuette_web2-300x200.webp 300w, https:\/\/peakx.at\/wp-content\/uploads\/2025\/07\/skitouren_vernagthuette_web2-1024x683.webp 1024w, https:\/\/peakx.at\/wp-content\/uploads\/2025\/07\/skitouren_vernagthuette_web2-768x512.webp 768w, https:\/\/peakx.at\/wp-content\/uploads\/2025\/07\/skitouren_vernagthuette_web2-1536x1024.webp 1536w\" sizes=\"auto, (max-width: 1920px) 100vw, 1920px\" \/><\/div>\n\t\t<\/a>\n\t\t\t\t<div class=\"elementor-post__text\">\n\t\t\t\t<h3 class=\"elementor-post__title\">\n\t\t\t<a href=\"https:\/\/peakx.at\/en\/mehrtaegige-skitouren-oesterreich\/\" >\n\t\t\t\tMulti-day ski tours Austria\t\t\t<\/a>\n\t\t<\/h3>\n\t\t\t\t<div class=\"elementor-post__meta-data\">\n\t\t\t\t\t<span class=\"elementor-post-author\">\n\t\t\tAlexander Kunert\t\t<\/span>\n\t\t\t\t<span class=\"elementor-post-date\">\n\t\t\t25 July 2025\t\t<\/span>\n\t\t\t\t<\/div>\n\t\t\t\t<div class=\"elementor-post__excerpt\">\n\t\t\t<p>Ski tours from hut to hut are becoming increasingly popular. Read this blog to find out which multi-day ski tours in Austria you should try out.<\/p>\n\t\t<\/div>\n\t\t\t\t\t<div class=\"elementor-post__read-more-wrapper\">\n\t\t\n\t\t<a class=\"elementor-post__read-more\" href=\"https:\/\/peakx.at\/en\/mehrtaegige-skitouren-oesterreich\/\" aria-label=\"Read more about Multi-day ski tours Austria\" tabindex=\"-1\" >\n\t\t\tRead more \"\t\t<\/a>\n\n\t\t\t\t\t<\/div>\n\t\t\t\t<\/div>\n\t\t\t\t<\/article>\n\t\t\t\t<article class=\"elementor-post elementor-grid-item post-2404 post type-post status-publish format-standard has-post-thumbnail hentry category-blog tag-norwegen tag-senja tag-skitour\" role=\"listitem\">\n\t\t\t\t<a class=\"elementor-post__thumbnail__link\" href=\"https:\/\/peakx.at\/en\/5-gruende-warum-du-skitouren-in-norwegen-gehen-solltest\/\" tabindex=\"-1\" >\n\t\t\t<div class=\"elementor-post__thumbnail\"><img loading=\"lazy\" decoding=\"async\" width=\"1920\" height=\"1200\" src=\"https:\/\/peakx.at\/wp-content\/uploads\/2025\/07\/Fjord-in-Norwegen-header.jpg.webp\" class=\"attachment-full size-full wp-image-2418\" alt=\"Fjord in Norwegen\" srcset=\"https:\/\/peakx.at\/wp-content\/uploads\/2025\/07\/Fjord-in-Norwegen-header.jpg.webp 1920w, https:\/\/peakx.at\/wp-content\/uploads\/2025\/07\/Fjord-in-Norwegen-header.jpg-300x188.webp 300w, https:\/\/peakx.at\/wp-content\/uploads\/2025\/07\/Fjord-in-Norwegen-header.jpg-1024x640.webp 1024w, https:\/\/peakx.at\/wp-content\/uploads\/2025\/07\/Fjord-in-Norwegen-header.jpg-768x480.webp 768w, https:\/\/peakx.at\/wp-content\/uploads\/2025\/07\/Fjord-in-Norwegen-header.jpg-1536x960.webp 1536w\" sizes=\"auto, (max-width: 1920px) 100vw, 1920px\" \/><\/div>\n\t\t<\/a>\n\t\t\t\t<div class=\"elementor-post__text\">\n\t\t\t\t<h3 class=\"elementor-post__title\">\n\t\t\t<a href=\"https:\/\/peakx.at\/en\/5-gruende-warum-du-skitouren-in-norwegen-gehen-solltest\/\" >\n\t\t\t\t5 reasons why you should go ski touring in Norway\t\t\t<\/a>\n\t\t<\/h3>\n\t\t\t\t<div class=\"elementor-post__meta-data\">\n\t\t\t\t\t<span class=\"elementor-post-author\">\n\t\t\tAlexander Kunert\t\t<\/span>\n\t\t\t\t<span class=\"elementor-post-date\">\n\t\t\t23 April 2025\t\t<\/span>\n\t\t\t\t<\/div>\n\t\t\t\t<div class=\"elementor-post__excerpt\">\n\t\t\t<p>Ski tours in Norway are something special. Five reasons why ski touring in Norway should be on your to-do list.<\/p>\n\t\t<\/div>\n\t\t\t\t\t<div class=\"elementor-post__read-more-wrapper\">\n\t\t\n\t\t<a class=\"elementor-post__read-more\" href=\"https:\/\/peakx.at\/en\/5-gruende-warum-du-skitouren-in-norwegen-gehen-solltest\/\" aria-label=\"Read more about 5 reasons why you should go ski touring in Norway\" tabindex=\"-1\" >\n\t\t\tRead more \"\t\t<\/a>\n\n\t\t\t\t\t<\/div>\n\t\t\t\t<\/div>\n\t\t\t\t<\/article>\n\t\t\t\t<article class=\"elementor-post elementor-grid-item post-2338 post type-post status-publish format-standard has-post-thumbnail hentry category-blog tag-salomon tag-shift-alpha-boa-130 tag-testbericht\" role=\"listitem\">\n\t\t\t\t<a class=\"elementor-post__thumbnail__link\" href=\"https:\/\/peakx.at\/en\/testbericht-salomon-shift-alpha-boa-130\/\" tabindex=\"-1\" >\n\t\t\t<div class=\"elementor-post__thumbnail\"><img loading=\"lazy\" decoding=\"async\" width=\"1200\" height=\"1600\" src=\"https:\/\/peakx.at\/wp-content\/uploads\/2025\/07\/web_7_Test-Shift-Alpha-Boa.webp\" class=\"attachment-full size-full wp-image-2342\" alt=\"Testbericht Salomon Shift Alpha Boa 130\" srcset=\"https:\/\/peakx.at\/wp-content\/uploads\/2025\/07\/web_7_Test-Shift-Alpha-Boa.webp 1200w, https:\/\/peakx.at\/wp-content\/uploads\/2025\/07\/web_7_Test-Shift-Alpha-Boa-225x300.webp 225w, https:\/\/peakx.at\/wp-content\/uploads\/2025\/07\/web_7_Test-Shift-Alpha-Boa-768x1024.webp 768w, https:\/\/peakx.at\/wp-content\/uploads\/2025\/07\/web_7_Test-Shift-Alpha-Boa-1152x1536.webp 1152w\" sizes=\"auto, (max-width: 1200px) 100vw, 1200px\" \/><\/div>\n\t\t<\/a>\n\t\t\t\t<div class=\"elementor-post__text\">\n\t\t\t\t<h3 class=\"elementor-post__title\">\n\t\t\t<a href=\"https:\/\/peakx.at\/en\/testbericht-salomon-shift-alpha-boa-130\/\" >\n\t\t\t\tTest review Salomon Shift Alpha Boa 130\t\t\t<\/a>\n\t\t<\/h3>\n\t\t\t\t<div class=\"elementor-post__meta-data\">\n\t\t\t\t\t<span class=\"elementor-post-author\">\n\t\t\tAlexander Kunert\t\t<\/span>\n\t\t\t\t<span class=\"elementor-post-date\">\n\t\t\t23 March 2025\t\t<\/span>\n\t\t\t\t<\/div>\n\t\t\t\t<div class=\"elementor-post__excerpt\">\n\t\t\t<p>The Shift Alpha Boa 130 is the new freeride ski boot from Salomon. We tested how the top model performs on the ascent and descent.<\/p>\n\t\t<\/div>\n\t\t\t\t\t<div class=\"elementor-post__read-more-wrapper\">\n\t\t\n\t\t<a class=\"elementor-post__read-more\" href=\"https:\/\/peakx.at\/en\/testbericht-salomon-shift-alpha-boa-130\/\" aria-label=\"Read more about Test report Salomon Shift Alpha Boa 130\" tabindex=\"-1\" >\n\t\t\tRead more \"\t\t<\/a>\n\n\t\t\t\t\t<\/div>\n\t\t\t\t<\/div>\n\t\t\t\t<\/article>\n\t\t\t\t<article class=\"elementor-post elementor-grid-item post-2496 post type-post status-publish format-standard has-post-thumbnail hentry category-blog tag-arlberg tag-freeride tag-heliskiing\" role=\"listitem\">\n\t\t\t\t<a class=\"elementor-post__thumbnail__link\" href=\"https:\/\/peakx.at\/en\/heliskiing-am-arlberg-verlaengert-bis-2027\/\" tabindex=\"-1\" >\n\t\t\t<div class=\"elementor-post__thumbnail\"><img loading=\"lazy\" decoding=\"async\" width=\"1920\" height=\"1280\" src=\"https:\/\/peakx.at\/wp-content\/uploads\/2025\/07\/Bilder-YUNIQ_Heliskiing-am-Arlberg.jpg\" class=\"attachment-full size-full wp-image-578\" alt=\"Helikopter landet f\u00fcr Heliskiing am Arlberg\" srcset=\"https:\/\/peakx.at\/wp-content\/uploads\/2025\/07\/Bilder-YUNIQ_Heliskiing-am-Arlberg.jpg 1920w, https:\/\/peakx.at\/wp-content\/uploads\/2025\/07\/Bilder-YUNIQ_Heliskiing-am-Arlberg-300x200.jpg 300w, https:\/\/peakx.at\/wp-content\/uploads\/2025\/07\/Bilder-YUNIQ_Heliskiing-am-Arlberg-1024x683.jpg 1024w, https:\/\/peakx.at\/wp-content\/uploads\/2025\/07\/Bilder-YUNIQ_Heliskiing-am-Arlberg-768x512.jpg 768w, https:\/\/peakx.at\/wp-content\/uploads\/2025\/07\/Bilder-YUNIQ_Heliskiing-am-Arlberg-1536x1024.jpg 1536w\" sizes=\"auto, (max-width: 1920px) 100vw, 1920px\" \/><\/div>\n\t\t<\/a>\n\t\t\t\t<div class=\"elementor-post__text\">\n\t\t\t\t<h3 class=\"elementor-post__title\">\n\t\t\t<a href=\"https:\/\/peakx.at\/en\/heliskiing-am-arlberg-verlaengert-bis-2027\/\" >\n\t\t\t\tHeliskiing on the Arlberg extended until 2027\t\t\t<\/a>\n\t\t<\/h3>\n\t\t\t\t<div class=\"elementor-post__meta-data\">\n\t\t\t\t\t<span class=\"elementor-post-author\">\n\t\t\tAlexander Kunert\t\t<\/span>\n\t\t\t\t<span class=\"elementor-post-date\">\n\t\t\t1 March 2025\t\t<\/span>\n\t\t\t\t<\/div>\n\t\t\t\t<div class=\"elementor-post__excerpt\">\n\t\t\t<p>Heliskiing on the Arlberg has been extended until 2027 by decision of the provincial government.<\/p>\n\t\t<\/div>\n\t\t\t\t\t<div class=\"elementor-post__read-more-wrapper\">\n\t\t\n\t\t<a class=\"elementor-post__read-more\" href=\"https:\/\/peakx.at\/en\/heliskiing-am-arlberg-verlaengert-bis-2027\/\" aria-label=\"Read more about Heliskiing am Arlberg verl\u00e4ngert bis 2027\" tabindex=\"-1\" >\n\t\t\tRead more \"\t\t<\/a>\n\n\t\t\t\t\t<\/div>\n\t\t\t\t<\/div>\n\t\t\t\t<\/article>\n\t\t\t\t<article class=\"elementor-post elementor-grid-item post-2381 post type-post status-publish format-standard has-post-thumbnail hentry category-blog\" role=\"listitem\">\n\t\t\t\t<a class=\"elementor-post__thumbnail__link\" href=\"https:\/\/peakx.at\/en\/wie-faehrt-man-im-tiefschnee\/\" tabindex=\"-1\" >\n\t\t\t<div class=\"elementor-post__thumbnail\"><img loading=\"lazy\" decoding=\"async\" width=\"1920\" height=\"1280\" src=\"https:\/\/peakx.at\/wp-content\/uploads\/2025\/07\/Bilder-PEAKS_freeride-skiing.jpg\" class=\"attachment-full size-full wp-image-1705\" alt=\"\" srcset=\"https:\/\/peakx.at\/wp-content\/uploads\/2025\/07\/Bilder-PEAKS_freeride-skiing.jpg 1920w, https:\/\/peakx.at\/wp-content\/uploads\/2025\/07\/Bilder-PEAKS_freeride-skiing-300x200.jpg 300w, https:\/\/peakx.at\/wp-content\/uploads\/2025\/07\/Bilder-PEAKS_freeride-skiing-1024x683.jpg 1024w, https:\/\/peakx.at\/wp-content\/uploads\/2025\/07\/Bilder-PEAKS_freeride-skiing-768x512.jpg 768w, https:\/\/peakx.at\/wp-content\/uploads\/2025\/07\/Bilder-PEAKS_freeride-skiing-1536x1024.jpg 1536w\" sizes=\"auto, (max-width: 1920px) 100vw, 1920px\" \/><\/div>\n\t\t<\/a>\n\t\t\t\t<div class=\"elementor-post__text\">\n\t\t\t\t<h3 class=\"elementor-post__title\">\n\t\t\t<a href=\"https:\/\/peakx.at\/en\/wie-faehrt-man-im-tiefschnee\/\" >\n\t\t\t\tHow do you ski in deep snow?\t\t\t<\/a>\n\t\t<\/h3>\n\t\t\t\t<div class=\"elementor-post__meta-data\">\n\t\t\t\t\t<span class=\"elementor-post-author\">\n\t\t\tAlexander Kunert\t\t<\/span>\n\t\t\t\t<span class=\"elementor-post-date\">\n\t\t\t23 February 2025\t\t<\/span>\n\t\t\t\t<\/div>\n\t\t\t\t<div class=\"elementor-post__excerpt\">\n\t\t\t<p>Powder snow skiing - for many skiers, it's the greatest. The feeling of weightlessness and freedom when the skis glide through fluffy deep snow is indescribable. It's no wonder that numerous deep snow fans make a pilgrimage to the mountains year after year to indulge their passion. Always in search of the perfect powder.<\/p>\n\t\t<\/div>\n\t\t\t\t\t<div class=\"elementor-post__read-more-wrapper\">\n\t\t\n\t\t<a class=\"elementor-post__read-more\" href=\"https:\/\/peakx.at\/en\/wie-faehrt-man-im-tiefschnee\/\" aria-label=\"Read more about Wie f\u00e4hrt man im Tiefschnee?\" tabindex=\"-1\" >\n\t\t\tRead more \"\t\t<\/a>\n\n\t\t\t\t\t<\/div>\n\t\t\t\t<\/div>\n\t\t\t\t<\/article>\n\t\t\t\t<article class=\"elementor-post elementor-grid-item post-2275 post type-post status-publish format-standard has-post-thumbnail hentry category-blog\" role=\"listitem\">\n\t\t\t\t<a class=\"elementor-post__thumbnail__link\" href=\"https:\/\/peakx.at\/en\/wer-darf-skitouren-fuehren\/\" tabindex=\"-1\" >\n\t\t\t<div class=\"elementor-post__thumbnail\"><img loading=\"lazy\" decoding=\"async\" width=\"1920\" height=\"1280\" src=\"https:\/\/peakx.at\/wp-content\/uploads\/2025\/07\/skitouren_vernagthuette_web7.webp\" class=\"attachment-full size-full wp-image-1379\" alt=\"\" srcset=\"https:\/\/peakx.at\/wp-content\/uploads\/2025\/07\/skitouren_vernagthuette_web7.webp 1920w, https:\/\/peakx.at\/wp-content\/uploads\/2025\/07\/skitouren_vernagthuette_web7-300x200.webp 300w, https:\/\/peakx.at\/wp-content\/uploads\/2025\/07\/skitouren_vernagthuette_web7-1024x683.webp 1024w, https:\/\/peakx.at\/wp-content\/uploads\/2025\/07\/skitouren_vernagthuette_web7-768x512.webp 768w, https:\/\/peakx.at\/wp-content\/uploads\/2025\/07\/skitouren_vernagthuette_web7-1536x1024.webp 1536w\" sizes=\"auto, (max-width: 1920px) 100vw, 1920px\" \/><\/div>\n\t\t<\/a>\n\t\t\t\t<div class=\"elementor-post__text\">\n\t\t\t\t<h3 class=\"elementor-post__title\">\n\t\t\t<a href=\"https:\/\/peakx.at\/en\/wer-darf-skitouren-fuehren\/\" >\n\t\t\t\tWho is authorised to lead ski tours?\t\t\t<\/a>\n\t\t<\/h3>\n\t\t\t\t<div class=\"elementor-post__meta-data\">\n\t\t\t\t\t<span class=\"elementor-post-author\">\n\t\t\tAlexander Kunert\t\t<\/span>\n\t\t\t\t<span class=\"elementor-post-date\">\n\t\t\t12 December 2024\t\t<\/span>\n\t\t\t\t<\/div>\n\t\t\t\t<div class=\"elementor-post__excerpt\">\n\t\t\t<p>The question of \"Who is authorised to guide ski tours?\" is a concern for many recreational athletes. Anyone who joins a guided ski tour relies on the competence, qualifications and authorisation of the guide. Last but not least, your own safety depends on the decisions and guiding tactics of the ski tour guide.<\/p>\n\t\t<\/div>\n\t\t\t\t\t<div class=\"elementor-post__read-more-wrapper\">\n\t\t\n\t\t<a class=\"elementor-post__read-more\" href=\"https:\/\/peakx.at\/en\/wer-darf-skitouren-fuehren\/\" aria-label=\"Read more about Wer darf Skitouren f\u00fchren?\" tabindex=\"-1\" >\n\t\t\tRead more \"\t\t<\/a>\n\n\t\t\t\t\t<\/div>\n\t\t\t\t<\/div>\n\t\t\t\t<\/article>\n\t\t\t\t<article class=\"elementor-post elementor-grid-item post-2390 post type-post status-publish format-standard has-post-thumbnail hentry category-blog\" role=\"listitem\">\n\t\t\t\t<a class=\"elementor-post__thumbnail__link\" href=\"https:\/\/peakx.at\/en\/was-ist-eigentlich-strategische-lawinenkunde\/\" tabindex=\"-1\" >\n\t\t\t<div class=\"elementor-post__thumbnail\"><img loading=\"lazy\" decoding=\"async\" width=\"1920\" height=\"1280\" src=\"https:\/\/peakx.at\/wp-content\/uploads\/2025\/07\/lawine.webp\" class=\"attachment-full size-full wp-image-2392\" alt=\"Lawine\" srcset=\"https:\/\/peakx.at\/wp-content\/uploads\/2025\/07\/lawine.webp 1920w, https:\/\/peakx.at\/wp-content\/uploads\/2025\/07\/lawine-300x200.webp 300w, https:\/\/peakx.at\/wp-content\/uploads\/2025\/07\/lawine-1024x683.webp 1024w, https:\/\/peakx.at\/wp-content\/uploads\/2025\/07\/lawine-768x512.webp 768w, https:\/\/peakx.at\/wp-content\/uploads\/2025\/07\/lawine-1536x1024.webp 1536w\" sizes=\"auto, (max-width: 1920px) 100vw, 1920px\" \/><\/div>\n\t\t<\/a>\n\t\t\t\t<div class=\"elementor-post__text\">\n\t\t\t\t<h3 class=\"elementor-post__title\">\n\t\t\t<a href=\"https:\/\/peakx.at\/en\/was-ist-eigentlich-strategische-lawinenkunde\/\" >\n\t\t\t\tWhat exactly is \"strategic avalanche management\"?\t\t\t<\/a>\n\t\t<\/h3>\n\t\t\t\t<div class=\"elementor-post__meta-data\">\n\t\t\t\t\t<span class=\"elementor-post-author\">\n\t\t\tAlexander Kunert\t\t<\/span>\n\t\t\t\t<span class=\"elementor-post-date\">\n\t\t\t23 November 2024\t\t<\/span>\n\t\t\t\t<\/div>\n\t\t\t\t<div class=\"elementor-post__excerpt\">\n\t\t\t<p>Strategic avalanche management should help to optimise the relationship between risk and safety. It forms a decision-making basis for behaviour in alpine areas and aims to prevent avalanche accidents. <\/p>\n\t\t<\/div>\n\t\t\t\t\t<div class=\"elementor-post__read-more-wrapper\">\n\t\t\n\t\t<a class=\"elementor-post__read-more\" href=\"https:\/\/peakx.at\/en\/was-ist-eigentlich-strategische-lawinenkunde\/\" aria-label=\"Read more about Was ist eigentlich \u201eStrategische Lawinenkunde\u201c?\" tabindex=\"-1\" >\n\t\t\tRead more \"\t\t<\/a>\n\n\t\t\t\t\t<\/div>\n\t\t\t\t<\/div>\n\t\t\t\t<\/article>\n\t\t\t\t<\/div>\n\t\t\n\t\t\t\t\t\t<\/div>\n\t\t\t\t<\/div>\n\t\t\t\t\t<\/div>\n\t\t\t\t<\/div>\n\t\t\t\t<\/div>","protected":false},"excerpt":{"rendered":"<p>PEAKX #Blog \u2013 Dein Update aus den Bergen Willkommen im PEAKX Blog \u2013 hier findest du spannende Reiseberichte, inspirierende neue Destinationen, praktische Ausr\u00fcstungstipps und aktuelle News rund um PEAKX experiences. Ob Skitour, Freeride-Abenteuer oder exklusive Camp-Einblicke \u2013 hier dreht sich alles um die Berge!<\/p>","protected":false},"author":1,"featured_media":395,"parent":0,"menu_order":0,"comment_status":"closed","ping_status":"closed","template":"","meta":{"_acf_changed":false,"footnotes":""},"class_list":["post-2329","page","type-page","status-publish","has-post-thumbnail","hentry"],"acf":[],"aioseo_notices":[],"_links":{"self":[{"href":"https:\/\/peakx.at\/en\/wp-json\/wp\/v2\/pages\/2329","targetHints":{"allow":["GET"]}}],"collection":[{"href":"https:\/\/peakx.at\/en\/wp-json\/wp\/v2\/pages"}],"about":[{"href":"https:\/\/peakx.at\/en\/wp-json\/wp\/v2\/types\/page"}],"author":[{"embeddable":true,"href":"https:\/\/peakx.at\/en\/wp-json\/wp\/v2\/users\/1"}],"replies":[{"embeddable":true,"href":"https:\/\/peakx.at\/en\/wp-json\/wp\/v2\/comments?post=2329"}],"version-history":[{"count":22,"href":"https:\/\/peakx.at\/en\/wp-json\/wp\/v2\/pages\/2329\/revisions"}],"predecessor-version":[{"id":3010,"href":"https:\/\/peakx.at\/en\/wp-json\/wp\/v2\/pages\/2329\/revisions\/3010"}],"wp:featuredmedia":[{"embeddable":true,"href":"https:\/\/peakx.at\/en\/wp-json\/wp\/v2\/media\/395"}],"wp:attachment":[{"href":"https:\/\/peakx.at\/en\/wp-json\/wp\/v2\/media?parent=2329"}],"curies":[{"name":"wp","href":"https:\/\/api.w.org\/{rel}","templated":true}]}}