{"id":2066,"date":"2025-07-15T19:34:21","date_gmt":"2025-07-15T17:34:21","guid":{"rendered":"https:\/\/peakx.at\/?page_id=2066"},"modified":"2026-03-12T11:17:21","modified_gmt":"2026-03-12T10:17:21","slug":"impressum","status":"publish","type":"page","link":"https:\/\/peakx.at\/en\/impressum\/","title":{"rendered":"Imprint"},"content":{"rendered":"<div data-elementor-type=\"wp-page\" data-elementor-id=\"2066\" class=\"elementor elementor-2066\" data-elementor-post-type=\"page\">\n\t\t\t\t<div class=\"elementor-element elementor-element-9d9d2a3 e-flex e-con-boxed e-con e-parent\" data-id=\"9d9d2a3\" data-element_type=\"container\" data-e-type=\"container\" data-settings=\"{&quot;background_background&quot;:&quot;classic&quot;}\">\n\t\t\t\t\t<div class=\"e-con-inner\">\n\t\t<div class=\"elementor-element elementor-element-72628e6 e-con-full e-flex e-con e-child\" data-id=\"72628e6\" data-element_type=\"container\" data-e-type=\"container\" data-settings=\"{&quot;background_background&quot;:&quot;classic&quot;}\">\n\t\t<div class=\"elementor-element elementor-element-14ef73f e-con-full e-flex e-con e-child\" data-id=\"14ef73f\" data-element_type=\"container\" data-e-type=\"container\">\n\t\t\t\t<\/div>\n\t\t\t\t<\/div>\n\t\t\t\t\t<\/div>\n\t\t\t\t<\/div>\n\t\t<div class=\"elementor-element elementor-element-f8779dd e-flex e-con-boxed e-con e-parent\" data-id=\"f8779dd\" data-element_type=\"container\" data-e-type=\"container\">\n\t\t\t\t\t<div class=\"e-con-inner\">\n\t\t\t\t<div class=\"elementor-element elementor-element-5d8a27e elementor-widget__width-auto elementor-widget elementor-widget-shortcode\" data-id=\"5d8a27e\" data-element_type=\"widget\" data-e-type=\"widget\" data-widget_type=\"shortcode.default\">\n\t\t\t\t<div class=\"elementor-widget-container\">\n\t\t\t\t\t\t\t<div class=\"elementor-shortcode\"><div class=\"aioseo-breadcrumbs\"><span class=\"aioseo-breadcrumb\">\n\t\t\t<a href=\"https:\/\/peakx.at\/en\" title=\"Home\">Home<\/a>\n\t\t<\/span><span class=\"aioseo-breadcrumb-separator\">\"<\/span><span class=\"aioseo-breadcrumb\">\n\t\t\tImprint\n\t\t<\/span><\/div><\/div>\n\t\t\t\t\t\t<\/div>\n\t\t\t\t<\/div>\n\t\t\t\t\t<\/div>\n\t\t\t\t<\/div>\n\t\t<div class=\"elementor-element elementor-element-506fe75 e-flex e-con-boxed e-con e-parent\" data-id=\"506fe75\" data-element_type=\"container\" data-e-type=\"container\">\n\t\t\t\t\t<div class=\"e-con-inner\">\n\t\t\t\t<div class=\"elementor-element elementor-element-ed7ea4d elementor-widget elementor-widget-text-editor\" data-id=\"ed7ea4d\" data-element_type=\"widget\" data-e-type=\"widget\" data-widget_type=\"text-editor.default\">\n\t\t\t\t<div class=\"elementor-widget-container\">\n\t\t\t\t\t\t\t\t\t<p>Jan Alexander Kunert, MSc<br \/><strong>PEAKX experiences<\/strong><\/p><p>Siedlung 47\/1<br \/>6463 Karr\u00f6sten<br \/>Austria<\/p><p>Tel: <a href=\"tel:+43 660 7404492\"><span style=\"text-decoration: underline;\">+43 660 7404492<\/span><\/a><br \/>E-Mail:\u00a0<span style=\"text-decoration: underline;\"><a href=\"mailto:hello@peakx.at\">hello@peakx.at<\/a><\/span><\/p><p>UID-No.: ATU76772618<br \/>GISA number: 38598357<br \/>Details on the travel service authorisation of PEAKX experiences, Jan Alexander Kunert, can be found on the website <a href=\"https:\/\/www.gisa.gv.at\/abfrage\"><span style=\"text-decoration: underline;\">https:\/\/www.gisa.gv.at\/abfrage<\/span><\/a> under the GISA number 38598357.<\/p><p><strong>Object of the company<\/strong>State-certified ski instructor &amp; ski guide; runs an alpine ski school, travel agency<\/p><p><strong>Awarding state:\u00a0<\/strong>Austria<\/p><p><strong>services<\/strong>Teaching the skills and knowledge of skiing as well as guiding and accompanying skiers and ski tours; the services are provided only by the licence holder (=\"one-man ski school\"), organising and arranging package tours and individual travel services<\/p><p><strong>Member of<\/strong>Tyrolean Ski Instructors Association, Vorarlberg Ski Instructors Association, Tyrolean Chamber of Commerce<\/p><p><strong>Professional law<\/strong>:\u00a0<span style=\"text-decoration: underline;\"><a href=\"https:\/\/www.ris.bka.gv.at\/GeltendeFassung.wxe?Abfrage=LrT&amp;Gesetzesnummer=10000183\" target=\"_blank\" rel=\"noopener\">Tyrolean Ski School Act<\/a><\/span>,\u00a0<span style=\"text-decoration: underline;\"><a href=\"https:\/\/www.ris.bka.gv.at\/GeltendeFassung.wxe?Abfrage=LrVbg&amp;Gesetzesnummer=20000450\" target=\"_blank\" rel=\"noopener\">Vorarlberg Ski School Act<\/a><\/span><br \/>PEAKX experiences, Jan Alexander Kunert, is a member of the Austrian Federal Economic Chamber and is subject to the trade regulations. The professional regulations applicable to the company can be found at <a href=\"https:\/\/www.wko.at\/oe\/tourismus-freizeitwirtschaft\/reisebueros\/start?shorturl=reisebuerosat\" target=\"_blank\" rel=\"noopener\"><span style=\"text-decoration: underline;\">can be viewed here<\/span><\/a>.<\/p><p><strong>Supervisory authority<\/strong>Tiroler Landesregierung, Bezirkshauptmannschaft Landeck; Vorarlberger Landesregierung, Sportreferat<\/p><p>Platform of the EU Commission for online dispute resolution:\u00a0<a href=\"https:\/\/ec.europa.eu\/odr\" target=\"_blank\" rel=\"noopener\">https:\/\/ec.europa.eu\/odr<\/a><\/p><p>We are neither obliged nor willing to participate in dispute resolution proceedings before a consumer arbitration board.<\/p>\t\t\t\t\t\t\t\t<\/div>\n\t\t\t\t<\/div>\n\t\t\t\t<div class=\"elementor-element elementor-element-5d86053 elementor-widget elementor-widget-spacer\" data-id=\"5d86053\" data-element_type=\"widget\" data-e-type=\"widget\" data-widget_type=\"spacer.default\">\n\t\t\t\t<div class=\"elementor-widget-container\">\n\t\t\t\t\t\t\t<div class=\"elementor-spacer\">\n\t\t\t<div class=\"elementor-spacer-inner\"><\/div>\n\t\t<\/div>\n\t\t\t\t\t\t<\/div>\n\t\t\t\t<\/div>\n\t\t\t\t\t<\/div>\n\t\t\t\t<\/div>\n\t\t\t\t<\/div>","protected":false},"excerpt":{"rendered":"<p>Jan Alexander Kunert, MScPEAKX experiences Siedlung 47\/16463 Karr\u00f6sten\u00d6sterreich Tel.: +43 660 7404492E-Mail:\u00a0hello@peakx.at UID-Nr.: ATU76772618GISA-Zahl: 38598357Details zur Reiseleistungsaus\u00fcbungsberechtigung von PEAKX experiences, Jan Alexander Kunert, finden Sie auf der Webseite https:\/\/www.gisa.gv.at\/abfrage unter der GISA Zahl 38598357. Unternehmensgegenstand: Staatlich gepr\u00fcfter Diplomskilehrer &amp; Skif\u00fchrer; Betrieb einer Alpin Skischule, Reiseb\u00fcro Verleihungsstaat:\u00a0\u00d6sterreich Dienstleistungen: Erteilung von Unterricht in den Fertigkeiten und Kenntnissen [&hellip;]<\/p>\n","protected":false},"author":1,"featured_media":395,"parent":0,"menu_order":0,"comment_status":"closed","ping_status":"closed","template":"","meta":{"_acf_changed":false,"footnotes":""},"class_list":["post-2066","page","type-page","status-publish","has-post-thumbnail","hentry"],"acf":[],"aioseo_notices":[],"_links":{"self":[{"href":"https:\/\/peakx.at\/en\/wp-json\/wp\/v2\/pages\/2066","targetHints":{"allow":["GET"]}}],"collection":[{"href":"https:\/\/peakx.at\/en\/wp-json\/wp\/v2\/pages"}],"about":[{"href":"https:\/\/peakx.at\/en\/wp-json\/wp\/v2\/types\/page"}],"author":[{"embeddable":true,"href":"https:\/\/peakx.at\/en\/wp-json\/wp\/v2\/users\/1"}],"replies":[{"embeddable":true,"href":"https:\/\/peakx.at\/en\/wp-json\/wp\/v2\/comments?post=2066"}],"version-history":[{"count":13,"href":"https:\/\/peakx.at\/en\/wp-json\/wp\/v2\/pages\/2066\/revisions"}],"predecessor-version":[{"id":3577,"href":"https:\/\/peakx.at\/en\/wp-json\/wp\/v2\/pages\/2066\/revisions\/3577"}],"wp:featuredmedia":[{"embeddable":true,"href":"https:\/\/peakx.at\/en\/wp-json\/wp\/v2\/media\/395"}],"wp:attachment":[{"href":"https:\/\/peakx.at\/en\/wp-json\/wp\/v2\/media?parent=2066"}],"curies":[{"name":"wp","href":"https:\/\/api.w.org\/{rel}","templated":true}]}}